{"id":7987,"date":"2024-03-26T09:50:06","date_gmt":"2024-03-26T08:50:06","guid":{"rendered":"https:\/\/b-s-germany.de\/contacto\/pie-de-imprenta\/"},"modified":"2025-01-28T09:28:14","modified_gmt":"2025-01-28T08:28:14","slug":"pie-de-imprenta","status":"publish","type":"page","link":"https:\/\/b-s-germany.de\/es\/contacto\/pie-de-imprenta\/","title":{"rendered":"Pie de imprenta"},"content":{"rendered":"<p>[et_pb_section fb_built=\u00bb1&#8243; custom_padding_last_edited=\u00bbon|phone\u00bb next_background_color=\u00bb#F2F3F3&#8243; admin_label=\u00bbsection\u00bb _builder_version=\u00bb4.24.2&#8243; _module_preset=\u00bbdefault\u00bb background_color=\u00bb#7D8386&#8243; use_background_color_gradient=\u00bbon\u00bb background_color_gradient_direction=\u00bb172deg\u00bb background_color_gradient_stops=\u00bbrgba(10,10,10,0.74) 0%|rgba(69,71,84,0.23) 98%\u00bb background_color_gradient_overlays_image=\u00bbon\u00bb background_image=\u00bbhttps:\/\/b-s-germany.de\/wp-content\/uploads\/2024\/04\/b-s-group_content_world-map-weltkarte-002.png\u00bb custom_padding=\u00bb85px||90px||false|false\u00bb custom_padding_tablet=\u00bb85px||90px||false|false\u00bb custom_padding_phone=\u00bb90px||30px||false|false\u00bb bottom_divider_style=\u00bbarrow2&#8243; bottom_divider_height_tablet=\u00bb70px\u00bb bottom_divider_height_phone=\u00bb50px\u00bb bottom_divider_height_last_edited=\u00bbon|phone\u00bb locked=\u00bboff\u00bb global_colors_info=\u00bb{}\u00bb][et_pb_row _builder_version=\u00bb4.21.0&#8243; _module_preset=\u00bbdefault\u00bb custom_padding=\u00bb22px||50px||false|false\u00bb scroll_vertical_motion_enable=\u00bbon\u00bb scroll_vertical_motion=\u00bb0|90|90|100|0|0|0.5&#8243; scroll_fade_enable=\u00bbon\u00bb scroll_fade=\u00bb0|90|90|100|100%|100%|0%\u00bb global_colors_info=\u00bb{}\u00bb][et_pb_column type=\u00bb4_4&#8243; _builder_version=\u00bb4.16&#8243; _module_preset=\u00bbdefault\u00bb global_colors_info=\u00bb{}\u00bb][et_pb_text _builder_version=\u00bb4.24.2&#8243; _module_preset=\u00bbc9c08129-dcaa-4b59-bb51-b3aa18143018&#8243; header_text_align=\u00bbcenter\u00bb header_text_color=\u00bb#ffffff\u00bb header_font_size=\u00bb60px\u00bb custom_margin=\u00bb||10px||false|false\u00bb header_font_size_tablet=\u00bb50px\u00bb header_font_size_phone=\u00bb40px\u00bb header_font_size_last_edited=\u00bbon|desktop\u00bb global_colors_info=\u00bb{}\u00bb]<\/p>\n<h1>Pie de imprenta<\/h1>\n<p>[\/et_pb_text][et_pb_divider divider_weight=\u00bb2px\u00bb _builder_version=\u00bb4.21.0&#8243; _module_preset=\u00bbdefault\u00bb width=\u00bb10%\u00bb module_alignment=\u00bbcenter\u00bb custom_margin=\u00bb25px||25px||true|false\u00bb global_colors_info=\u00bb{}\u00bb][\/et_pb_divider][\/et_pb_column][\/et_pb_row][\/et_pb_section][et_pb_section fb_built=\u00bb1&#8243; _builder_version=\u00bb4.21.0&#8243; _module_preset=\u00bbdefault\u00bb background_color=\u00bb#F2F3F3&#8243; custom_padding=\u00bb80px||80px||false|false\u00bb global_colors_info=\u00bb{}\u00bb][et_pb_row column_structure=\u00bb1_3,1_3,1_3&#8243; use_custom_gutter=\u00bbon\u00bb gutter_width=\u00bb2&#8243; make_equal=\u00bbon\u00bb _builder_version=\u00bb4.25.0&#8243; _module_preset=\u00bbdefault\u00bb custom_padding=\u00bb0px||||false|false\u00bb hover_enabled=\u00bb0&#8243; global_colors_info=\u00bb{}\u00bb sticky_enabled=\u00bb0&#8243;][et_pb_column type=\u00bb1_3&#8243; _builder_version=\u00bb4.24.2&#8243; _module_preset=\u00bbdefault\u00bb background_color=\u00bb#FFFFFF\u00bb custom_padding=\u00bb20px|30px|20px|30px|false|true\u00bb custom_padding_tablet=\u00bb20px|30px|20px|30px|false|true\u00bb custom_padding_phone=\u00bb|20px||20px|false|true\u00bb custom_padding_last_edited=\u00bbon|phone\u00bb global_colors_info=\u00bb{}\u00bb][et_pb_blurb title=\u00bbBurghardt+Schmidt GmbH\u00bb use_icon=\u00bbon\u00bb font_icon=\u00bb&#xe081;||divi||400&#8243; icon_color=\u00bb#ffffff\u00bb image_icon_background_color=\u00bb#B51F2A\u00bb icon_placement=\u00bbleft\u00bb image_icon_width=\u00bb42px\u00bb content_max_width=\u00bb100%\u00bb icon_placement_tablet=\u00bbleft\u00bb icon_placement_phone=\u00bbleft\u00bb icon_placement_last_edited=\u00bboff|phone\u00bb image_icon_width_tablet=\u00bb32px\u00bb image_icon_width_phone=\u00bb22px\u00bb image_icon_width_last_edited=\u00bbon|tablet\u00bb _builder_version=\u00bb4.27.4&#8243; _module_preset=\u00bbdefault\u00bb header_level=\u00bbh2&#8243; header_font=\u00bbArial|700|||||||\u00bb header_text_color=\u00bb#454754&#8243; header_font_size=\u00bb20px\u00bb header_line_height=\u00bb1.3em\u00bb body_line_height=\u00bb1.5em\u00bb body_link_text_color=\u00bb#B51F2A\u00bb image_icon_custom_margin=\u00bb||-10px||false|false\u00bb image_icon_custom_padding=\u00bb12px|12px|12px|12px|false|false\u00bb module_alignment=\u00bbleft\u00bb custom_margin=\u00bb10px||||false|false\u00bb hover_enabled=\u00bb0&#8243; border_radii_image=\u00bbon|100%|100%|100%|100%\u00bb global_colors_info=\u00bb%91%93&#8243; sticky_enabled=\u00bb0&#8243;]<\/p>\n<p>Raiffeisenstrasse 24-26<br \/>75196 Remchingen<br \/>Alemania<\/p>\n<p>[\/et_pb_blurb][\/et_pb_column][et_pb_column type=\u00bb1_3&#8243; _builder_version=\u00bb4.21.0&#8243; _module_preset=\u00bbdefault\u00bb background_color=\u00bb#FFFFFF\u00bb custom_padding=\u00bb20px|30px|20px|30px|false|true\u00bb custom_padding_tablet=\u00bb20px|30px|20px|30px|false|true\u00bb custom_padding_phone=\u00bb|20px||20px|false|true\u00bb custom_padding_last_edited=\u00bbon|phone\u00bb global_colors_info=\u00bb{}\u00bb][et_pb_blurb title=\u00bbContacto\u00bb use_icon=\u00bbon\u00bb font_icon=\u00bb&#xe066;||divi||400&#8243; icon_color=\u00bb#ffffff\u00bb image_icon_background_color=\u00bb#B51F2A\u00bb icon_placement=\u00bbleft\u00bb image_icon_width=\u00bb42px\u00bb content_max_width=\u00bb100%\u00bb image_icon_width_tablet=\u00bb32px\u00bb image_icon_width_phone=\u00bb22px\u00bb image_icon_width_last_edited=\u00bbon|tablet\u00bb _builder_version=\u00bb4.25.0&#8243; _module_preset=\u00bbdefault\u00bb header_level=\u00bbh2&#8243; header_font=\u00bbArial|700|||||||\u00bb header_text_color=\u00bb#454754&#8243; header_font_size=\u00bb20px\u00bb header_line_height=\u00bb1.3em\u00bb body_line_height=\u00bb1.5em\u00bb body_link_text_color=\u00bb#B51F2A\u00bb image_icon_custom_margin=\u00bb||-10px||false|false\u00bb image_icon_custom_padding=\u00bb12px|12px|12px|12px|false|false\u00bb custom_margin=\u00bb10px||||false|false\u00bb border_radii_image=\u00bbon|100%|100%|100%|100%\u00bb global_colors_info=\u00bb%91%93&#8243;]<\/p>\n<p><strong>Phone:<\/strong> <a href=\"tel:0049723236610\">+49 7232 3661-0<\/a><br \/><strong>E-Mail:<\/strong> <a href=\"mailto:info@b-s-germany.de\">info@b-s-germany.de<\/a><\/p>\n<p>[\/et_pb_blurb][\/et_pb_column][et_pb_column type=\u00bb1_3&#8243; _builder_version=\u00bb4.21.0&#8243; _module_preset=\u00bbdefault\u00bb background_color=\u00bb#FFFFFF\u00bb custom_padding=\u00bb20px|30px|20px|30px|false|true\u00bb custom_padding_tablet=\u00bb20px|30px|20px|30px|false|true\u00bb custom_padding_phone=\u00bb|20px||20px|false|true\u00bb custom_padding_last_edited=\u00bbon|phone\u00bb global_colors_info=\u00bb{}\u00bb][et_pb_blurb title=\u00bbLegal\u00bb use_icon=\u00bbon\u00bb font_icon=\u00bb&#xf0e3;||fa||900&#8243; icon_color=\u00bb#ffffff\u00bb image_icon_background_color=\u00bb#B51F2A\u00bb icon_placement=\u00bbleft\u00bb image_icon_width=\u00bb42px\u00bb content_max_width=\u00bb100%\u00bb image_icon_width_tablet=\u00bb32px\u00bb image_icon_width_phone=\u00bb22px\u00bb image_icon_width_last_edited=\u00bbon|tablet\u00bb _builder_version=\u00bb4.21.0&#8243; _module_preset=\u00bbdefault\u00bb header_level=\u00bbh2&#8243; header_font=\u00bbArial|700|||||||\u00bb header_text_color=\u00bb#454754&#8243; header_font_size=\u00bb20px\u00bb header_line_height=\u00bb1.3em\u00bb body_line_height=\u00bb1.5em\u00bb body_link_text_color=\u00bb#B51F2A\u00bb image_icon_custom_margin=\u00bb||-10px||false|false\u00bb image_icon_custom_padding=\u00bb12px|12px|12px|12px|false|false\u00bb custom_margin=\u00bb10px||||false|false\u00bb border_radii_image=\u00bbon|100%|100%|100%|100%\u00bb global_colors_info=\u00bb%91%93&#8243;]<\/p>\n<p><strong>Registro mercantil:<\/strong> 503716<br \/><strong>Tribunal de registro:<\/strong> Juzgado de Primera Instancia de Mannheim<br \/><strong>Representada por: <\/strong>Thomas Baral y Achim Kunz<\/p>\n<p>[\/et_pb_blurb][\/et_pb_column][\/et_pb_row][et_pb_row _builder_version=\u00bb4.21.0&#8243; _module_preset=\u00bbdefault\u00bb global_colors_info=\u00bb{}\u00bb][et_pb_column type=\u00bb4_4&#8243; _builder_version=\u00bb4.21.0&#8243; _module_preset=\u00bbdefault\u00bb global_colors_info=\u00bb{}\u00bb][et_pb_text _builder_version=\u00bb4.21.0&#8243; _module_preset=\u00bbdefault\u00bb link_text_color=\u00bb#B51F2A\u00bb header_2_font_size=\u00bb38px\u00bb header_font_size_tablet=\u00bb\u00bb header_font_size_phone=\u00bb\u00bb header_font_size_last_edited=\u00bbon|desktop\u00bb header_2_font_size_tablet=\u00bb30px\u00bb header_2_font_size_phone=\u00bb28px\u00bb global_colors_info=\u00bb%91%93&#8243; header_2_font_size__hover_enabled=\u00bboff|hover\u00bb header_2_font_size__hover=\u00bb41px\u00bb]<\/p>\n<h2>Informaci\u00f3n de acuerdo con el \u00a7 5 TMG<\/h2>\n<p>[\/et_pb_text][et_pb_text _builder_version=\u00bb4.21.0&#8243; _module_preset=\u00bbdefault\u00bb link_text_color=\u00bb#B51F2A\u00bb header_2_font_size=\u00bb38px\u00bb header_font_size_tablet=\u00bb\u00bb header_font_size_phone=\u00bb\u00bb header_font_size_last_edited=\u00bbon|desktop\u00bb header_2_font_size_tablet=\u00bb30px\u00bb header_2_font_size_phone=\u00bb28px\u00bb global_colors_info=\u00bb%91%93&#8243; header_2_font_size__hover_enabled=\u00bboff|hover\u00bb header_2_font_size__hover=\u00bb41px\u00bb]<\/p>\n<h3>Resoluci\u00f3n de disputas<\/h3>\n<p>No estamos dispuestos ni obligados a participar en procedimientos de resoluci\u00f3n de disputas ante una junta de arbitraje de consumidores.<\/p>\n<p>[\/et_pb_text][et_pb_text _builder_version=\u00bb4.21.0&#8243; _module_preset=\u00bbdefault\u00bb link_text_color=\u00bb#B51F2A\u00bb header_2_font_size=\u00bb38px\u00bb header_font_size_tablet=\u00bb\u00bb header_font_size_phone=\u00bb\u00bb header_font_size_last_edited=\u00bbon|desktop\u00bb header_2_font_size_tablet=\u00bb30px\u00bb header_2_font_size_phone=\u00bb28px\u00bb global_colors_info=\u00bb%91%93&#8243; header_2_font_size__hover_enabled=\u00bboff|hover\u00bb header_2_font_size__hover=\u00bb41px\u00bb]<\/p>\n<h3>Responsabilidad por el contenido<\/h3>\n<p>Como proveedor de servicios, somos responsables de nuestro propio contenido en estas p\u00e1ginas de acuerdo con la ley general de conformidad con la Secci\u00f3n 7 (1) de la Ley de Telemedia de Alemania (TMG). Sin embargo, de acuerdo con las Secciones 8 a 10 de la TMG, nosotros, como proveedores de servicios, no estamos obligados a monitorear o, bajo ciertas circunstancias, investigar la informaci\u00f3n transmitida o almacenada de terceros que pueda indicar actividad ilegal. Esto no afecta a nuestras obligaciones en virtud de la legislaci\u00f3n general de eliminar o bloquear el uso de la informaci\u00f3n. Sin embargo, solo podemos ser considerados responsables a este respecto a partir del momento en que tengamos conocimiento de una infracci\u00f3n espec\u00edfica. Si tenemos conocimiento de alguna de estas infracciones, eliminaremos el contenido en cuesti\u00f3n inmediatamente.<\/p>\n<p>[\/et_pb_text][et_pb_text _builder_version=\u00bb4.21.0&#8243; _module_preset=\u00bbdefault\u00bb link_text_color=\u00bb#B51F2A\u00bb header_2_font_size=\u00bb38px\u00bb header_font_size_tablet=\u00bb\u00bb header_font_size_phone=\u00bb\u00bb header_font_size_last_edited=\u00bbon|desktop\u00bb header_2_font_size_tablet=\u00bb30px\u00bb header_2_font_size_phone=\u00bb28px\u00bb global_colors_info=\u00bb%91%93&#8243; header_2_font_size__hover_enabled=\u00bboff|hover\u00bb header_2_font_size__hover=\u00bb41px\u00bb]<\/p>\n<h3>Responsabilidad por los enlaces<\/h3>\n<p>Nuestro sitio contiene enlaces a sitios web externos sobre los que no tenemos control. Por lo tanto, no podemos garantizar estos contenidos externos. El proveedor u operador respectivo de las p\u00e1ginas es siempre responsable de los contenidos de cualquier sitio enlazado. Los sitios enlazados fueron revisados en el momento de la vinculaci\u00f3n para detectar posibles violaciones de la ley. Los contenidos ilegales no eran reconocibles en el momento de la vinculaci\u00f3n.<\/p>\n<p>Sin embargo, no es razonable realizar un control permanente de los contenidos de las p\u00e1ginas enlazadas sin indicios concretos de una infracci\u00f3n de la ley. Si tenemos conocimiento de alguna infracci\u00f3n de la ley, eliminaremos dichos enlaces inmediatamente.[\/et_pb_text][et_pb_text _builder_version=\u00bb4.21.0&#8243; _module_preset=\u00bbdefault\u00bb link_text_color=\u00bb#B51F2A\u00bb header_2_font_size=\u00bb38px\u00bb header_font_size_tablet=\u00bb\u00bb header_font_size_phone=\u00bb\u00bb header_font_size_last_edited=\u00bbon|desktop\u00bb header_2_font_size_tablet=\u00bb30px\u00bb header_2_font_size_phone=\u00bb28px\u00bb global_colors_info=\u00bb%91%93&#8243; header_2_font_size__hover_enabled=\u00bboff|hover\u00bb header_2_font_size__hover=\u00bb41px\u00bb]\ufeff\ufeff<\/p>\n<h3>Derechos de autor<\/h3>\n<p>El contenido y los trabajos de estas p\u00e1ginas creados por los operadores del sitio est\u00e1n sujetos a la ley alemana de derechos de autor. La reproducci\u00f3n, adaptaci\u00f3n, distribuci\u00f3n o cualquier tipo de explotaci\u00f3n fuera de los l\u00edmites de los derechos de autor requieren el consentimiento por escrito de su respectivo autor o creador. Las descargas y copias solo est\u00e1n permitidas para uso privado y no comercial.<\/p>\n<p>En la medida en que el contenido de este sitio no haya sido creado por el operador, se han respetado los derechos de autor de terceros. En particular, el contenido de terceros est\u00e1 etiquetado como tal. Si, a pesar de ello, observa una infracci\u00f3n de los derechos de autor, le rogamos que nos lo notifique. Si tenemos conocimiento de alguna infracci\u00f3n, eliminaremos el contenido en cuesti\u00f3n inmediatamente.[\/et_pb_text][\/et_pb_column][\/et_pb_row][\/et_pb_section]<\/p>\n","protected":false},"excerpt":{"rendered":"<p>Pie de imprentaRaiffeisenstrasse 24-2675196 RemchingenAlemaniaPhone: +49 7232 3661-0E-Mail: info@b-s-germany.deRegistro mercantil: 503716Tribunal de registro: Juzgado de Primera Instancia de MannheimRepresentada por: Thomas Baral y Achim KunzInformaci\u00f3n de acuerdo con el \u00a7 5 TMGResoluci\u00f3n de disputas No estamos dispuestos ni obligados a participar en procedimientos de resoluci\u00f3n de disputas ante una junta de arbitraje de consumidores.Responsabilidad por [&hellip;]<\/p>\n","protected":false},"author":4,"featured_media":0,"parent":7968,"menu_order":20,"comment_status":"closed","ping_status":"closed","template":"","meta":{"_et_pb_use_builder":"on","_et_pb_old_content":"","_et_gb_content_width":"","footnotes":""},"dipi_cpt_category":[],"class_list":["post-7987","page","type-page","status-publish","hentry"],"yoast_head":"<!-- This site is optimized with the Yoast SEO plugin v27.2 - https:\/\/yoast.com\/product\/yoast-seo-wordpress\/ -->\n<title>Pie de imprenta - b+s germany<\/title>\n<meta name=\"robots\" content=\"index, follow, max-snippet:-1, max-image-preview:large, max-video-preview:-1\" \/>\n<link rel=\"canonical\" href=\"https:\/\/b-s-germany.de\/es\/contacto\/pie-de-imprenta\/\" \/>\n<meta property=\"og:locale\" content=\"es_ES\" \/>\n<meta property=\"og:type\" content=\"article\" \/>\n<meta property=\"og:title\" content=\"Pie de imprenta - b+s germany\" \/>\n<meta property=\"og:description\" content=\"Pie de imprentaRaiffeisenstrasse 24-2675196 RemchingenAlemaniaPhone: +49 7232 3661-0E-Mail: info@b-s-germany.deRegistro mercantil: 503716Tribunal de registro: Juzgado de Primera Instancia de MannheimRepresentada por: Thomas Baral y Achim KunzInformaci\u00f3n de acuerdo con el \u00a7 5 TMGResoluci\u00f3n de disputas No estamos dispuestos ni obligados a participar en procedimientos de resoluci\u00f3n de disputas ante una junta de arbitraje de consumidores.Responsabilidad por [&hellip;]\" \/>\n<meta property=\"og:url\" content=\"https:\/\/b-s-germany.de\/es\/contacto\/pie-de-imprenta\/\" \/>\n<meta property=\"og:site_name\" content=\"b+s germany\" \/>\n<meta property=\"article:modified_time\" content=\"2025-01-28T08:28:14+00:00\" \/>\n<meta name=\"twitter:card\" content=\"summary_large_image\" \/>\n<meta name=\"twitter:label1\" content=\"Tiempo de lectura\" \/>\n\t<meta name=\"twitter:data1\" content=\"8 minutos\" \/>\n<script type=\"application\/ld+json\" class=\"yoast-schema-graph\">{\"@context\":\"https:\/\/schema.org\",\"@graph\":[{\"@type\":\"WebPage\",\"@id\":\"https:\/\/b-s-germany.de\/es\/contacto\/pie-de-imprenta\/\",\"url\":\"https:\/\/b-s-germany.de\/es\/contacto\/pie-de-imprenta\/\",\"name\":\"Pie de imprenta - b+s germany\",\"isPartOf\":{\"@id\":\"https:\/\/b-s-germany.de\/es\/#website\"},\"datePublished\":\"2024-03-26T08:50:06+00:00\",\"dateModified\":\"2025-01-28T08:28:14+00:00\",\"breadcrumb\":{\"@id\":\"https:\/\/b-s-germany.de\/es\/contacto\/pie-de-imprenta\/#breadcrumb\"},\"inLanguage\":\"es\",\"potentialAction\":[{\"@type\":\"ReadAction\",\"target\":[\"https:\/\/b-s-germany.de\/es\/contacto\/pie-de-imprenta\/\"]}]},{\"@type\":\"BreadcrumbList\",\"@id\":\"https:\/\/b-s-germany.de\/es\/contacto\/pie-de-imprenta\/#breadcrumb\",\"itemListElement\":[{\"@type\":\"ListItem\",\"position\":1,\"name\":\"Startseite\",\"item\":\"https:\/\/b-s-germany.de\/es\/\"},{\"@type\":\"ListItem\",\"position\":2,\"name\":\"Contacto\",\"item\":\"https:\/\/b-s-germany.de\/es\/kontakt\/\"},{\"@type\":\"ListItem\",\"position\":3,\"name\":\"Pie de imprenta\"}]},{\"@type\":\"WebSite\",\"@id\":\"https:\/\/b-s-germany.de\/es\/#website\",\"url\":\"https:\/\/b-s-germany.de\/es\/\",\"name\":\"b+s germany - the next level of coil processing | Burghardt + Schmidt\",\"description\":\"the next level of coil processing | Burghardt + Schmidt\",\"publisher\":{\"@id\":\"https:\/\/b-s-germany.de\/es\/#organization\"},\"potentialAction\":[{\"@type\":\"SearchAction\",\"target\":{\"@type\":\"EntryPoint\",\"urlTemplate\":\"https:\/\/b-s-germany.de\/es\/?s={search_term_string}\"},\"query-input\":{\"@type\":\"PropertyValueSpecification\",\"valueRequired\":true,\"valueName\":\"search_term_string\"}}],\"inLanguage\":\"es\"},{\"@type\":\"Organization\",\"@id\":\"https:\/\/b-s-germany.de\/es\/#organization\",\"name\":\"b+s germany - the next level of coil processing | Burghardt + Schmidt\",\"url\":\"https:\/\/b-s-germany.de\/es\/\",\"logo\":{\"@type\":\"ImageObject\",\"inLanguage\":\"es\",\"@id\":\"https:\/\/b-s-germany.de\/es\/#\/schema\/logo\/image\/\",\"url\":\"https:\/\/b-s-germany.de\/wp-content\/uploads\/2024\/04\/b-s-group_content_logo-burghardt-schmidt.png\",\"contentUrl\":\"https:\/\/b-s-germany.de\/wp-content\/uploads\/2024\/04\/b-s-group_content_logo-burghardt-schmidt.png\",\"width\":800,\"height\":162,\"caption\":\"b+s germany - the next level of coil processing | Burghardt + Schmidt\"},\"image\":{\"@id\":\"https:\/\/b-s-germany.de\/es\/#\/schema\/logo\/image\/\"}}]}<\/script>\n<!-- \/ Yoast SEO plugin. -->","yoast_head_json":{"title":"Pie de imprenta - b+s germany","robots":{"index":"index","follow":"follow","max-snippet":"max-snippet:-1","max-image-preview":"max-image-preview:large","max-video-preview":"max-video-preview:-1"},"canonical":"https:\/\/b-s-germany.de\/es\/contacto\/pie-de-imprenta\/","og_locale":"es_ES","og_type":"article","og_title":"Pie de imprenta - b+s germany","og_description":"Pie de imprentaRaiffeisenstrasse 24-2675196 RemchingenAlemaniaPhone: +49 7232 3661-0E-Mail: info@b-s-germany.deRegistro mercantil: 503716Tribunal de registro: Juzgado de Primera Instancia de MannheimRepresentada por: Thomas Baral y Achim KunzInformaci\u00f3n de acuerdo con el \u00a7 5 TMGResoluci\u00f3n de disputas No estamos dispuestos ni obligados a participar en procedimientos de resoluci\u00f3n de disputas ante una junta de arbitraje de consumidores.Responsabilidad por [&hellip;]","og_url":"https:\/\/b-s-germany.de\/es\/contacto\/pie-de-imprenta\/","og_site_name":"b+s germany","article_modified_time":"2025-01-28T08:28:14+00:00","twitter_card":"summary_large_image","twitter_misc":{"Tiempo de lectura":"8 minutos"},"schema":{"@context":"https:\/\/schema.org","@graph":[{"@type":"WebPage","@id":"https:\/\/b-s-germany.de\/es\/contacto\/pie-de-imprenta\/","url":"https:\/\/b-s-germany.de\/es\/contacto\/pie-de-imprenta\/","name":"Pie de imprenta - b+s germany","isPartOf":{"@id":"https:\/\/b-s-germany.de\/es\/#website"},"datePublished":"2024-03-26T08:50:06+00:00","dateModified":"2025-01-28T08:28:14+00:00","breadcrumb":{"@id":"https:\/\/b-s-germany.de\/es\/contacto\/pie-de-imprenta\/#breadcrumb"},"inLanguage":"es","potentialAction":[{"@type":"ReadAction","target":["https:\/\/b-s-germany.de\/es\/contacto\/pie-de-imprenta\/"]}]},{"@type":"BreadcrumbList","@id":"https:\/\/b-s-germany.de\/es\/contacto\/pie-de-imprenta\/#breadcrumb","itemListElement":[{"@type":"ListItem","position":1,"name":"Startseite","item":"https:\/\/b-s-germany.de\/es\/"},{"@type":"ListItem","position":2,"name":"Contacto","item":"https:\/\/b-s-germany.de\/es\/kontakt\/"},{"@type":"ListItem","position":3,"name":"Pie de imprenta"}]},{"@type":"WebSite","@id":"https:\/\/b-s-germany.de\/es\/#website","url":"https:\/\/b-s-germany.de\/es\/","name":"b+s germany - the next level of coil processing | Burghardt + Schmidt","description":"the next level of coil processing | Burghardt + Schmidt","publisher":{"@id":"https:\/\/b-s-germany.de\/es\/#organization"},"potentialAction":[{"@type":"SearchAction","target":{"@type":"EntryPoint","urlTemplate":"https:\/\/b-s-germany.de\/es\/?s={search_term_string}"},"query-input":{"@type":"PropertyValueSpecification","valueRequired":true,"valueName":"search_term_string"}}],"inLanguage":"es"},{"@type":"Organization","@id":"https:\/\/b-s-germany.de\/es\/#organization","name":"b+s germany - the next level of coil processing | Burghardt + Schmidt","url":"https:\/\/b-s-germany.de\/es\/","logo":{"@type":"ImageObject","inLanguage":"es","@id":"https:\/\/b-s-germany.de\/es\/#\/schema\/logo\/image\/","url":"https:\/\/b-s-germany.de\/wp-content\/uploads\/2024\/04\/b-s-group_content_logo-burghardt-schmidt.png","contentUrl":"https:\/\/b-s-germany.de\/wp-content\/uploads\/2024\/04\/b-s-group_content_logo-burghardt-schmidt.png","width":800,"height":162,"caption":"b+s germany - the next level of coil processing | Burghardt + Schmidt"},"image":{"@id":"https:\/\/b-s-germany.de\/es\/#\/schema\/logo\/image\/"}}]}},"_links":{"self":[{"href":"https:\/\/b-s-germany.de\/es\/wp-json\/wp\/v2\/pages\/7987","targetHints":{"allow":["GET"]}}],"collection":[{"href":"https:\/\/b-s-germany.de\/es\/wp-json\/wp\/v2\/pages"}],"about":[{"href":"https:\/\/b-s-germany.de\/es\/wp-json\/wp\/v2\/types\/page"}],"author":[{"embeddable":true,"href":"https:\/\/b-s-germany.de\/es\/wp-json\/wp\/v2\/users\/4"}],"replies":[{"embeddable":true,"href":"https:\/\/b-s-germany.de\/es\/wp-json\/wp\/v2\/comments?post=7987"}],"version-history":[{"count":2,"href":"https:\/\/b-s-germany.de\/es\/wp-json\/wp\/v2\/pages\/7987\/revisions"}],"predecessor-version":[{"id":7989,"href":"https:\/\/b-s-germany.de\/es\/wp-json\/wp\/v2\/pages\/7987\/revisions\/7989"}],"up":[{"embeddable":true,"href":"https:\/\/b-s-germany.de\/es\/wp-json\/wp\/v2\/pages\/7968"}],"wp:attachment":[{"href":"https:\/\/b-s-germany.de\/es\/wp-json\/wp\/v2\/media?parent=7987"}],"wp:term":[{"taxonomy":"dipi_cpt_category","embeddable":true,"href":"https:\/\/b-s-germany.de\/es\/wp-json\/wp\/v2\/dipi_cpt_category?post=7987"}],"curies":[{"name":"wp","href":"https:\/\/api.w.org\/{rel}","templated":true}]}}