{"id":7952,"date":"2024-03-26T09:50:38","date_gmt":"2024-03-26T08:50:38","guid":{"rendered":"https:\/\/b-s-germany.de\/empleo\/formacion\/"},"modified":"2025-01-28T09:09:09","modified_gmt":"2025-01-28T08:09:09","slug":"formacion","status":"publish","type":"page","link":"https:\/\/b-s-germany.de\/es\/empleo\/formacion\/","title":{"rendered":"Formaci\u00f3n"},"content":{"rendered":"<p>[et_pb_section fb_built=\u00bb1&#8243; custom_padding_last_edited=\u00bbon|phone\u00bb next_background_color=\u00bb#ffffff\u00bb admin_label=\u00bbsection\u00bb _builder_version=\u00bb4.24.3&#8243; _module_preset=\u00bbdefault\u00bb background_color=\u00bb#FFFFFF\u00bb use_background_color_gradient=\u00bbon\u00bb background_color_gradient_direction=\u00bb172deg\u00bb background_color_gradient_stops=\u00bb#454754 0%|#7d8386 99%\u00bb background_color_gradient_overlays_image=\u00bbon\u00bb background_image=\u00bbhttps:\/\/b-s-germany.de\/wp-content\/uploads\/2024\/04\/b-s-germany_content_home_slider-002.jpg\u00bb background_position=\u00bbtop_center\u00bb background_vertical_offset=\u00bb68%\u00bb background_blend=\u00bbmultiply\u00bb custom_padding=\u00bb85px||90px||false|false\u00bb custom_padding_tablet=\u00bb85px||90px||false|false\u00bb custom_padding_phone=\u00bb90px||30px||false|false\u00bb bottom_divider_style=\u00bbarrow2&#8243; bottom_divider_height_tablet=\u00bb70px\u00bb bottom_divider_height_phone=\u00bb50px\u00bb bottom_divider_height_last_edited=\u00bbon|phone\u00bb global_colors_info=\u00bb{}\u00bb][et_pb_row _builder_version=\u00bb4.21.0&#8243; _module_preset=\u00bbdefault\u00bb custom_padding=\u00bb22px||50px||false|false\u00bb scroll_vertical_motion_enable=\u00bbon\u00bb scroll_vertical_motion=\u00bb0|90|90|100|0|0|0.5&#8243; scroll_fade_enable=\u00bbon\u00bb scroll_fade=\u00bb0|90|90|100|100%|100%|0%\u00bb global_colors_info=\u00bb{}\u00bb][et_pb_column type=\u00bb4_4&#8243; _builder_version=\u00bb4.16&#8243; _module_preset=\u00bbdefault\u00bb global_colors_info=\u00bb{}\u00bb][et_pb_text _builder_version=\u00bb4.24.2&#8243; _module_preset=\u00bbc9c08129-dcaa-4b59-bb51-b3aa18143018&#8243; header_text_align=\u00bbcenter\u00bb header_text_color=\u00bb#ffffff\u00bb header_font_size=\u00bb60px\u00bb custom_margin=\u00bb||10px||false|false\u00bb header_font_size_tablet=\u00bb50px\u00bb header_font_size_phone=\u00bb40px\u00bb header_font_size_last_edited=\u00bbon|desktop\u00bb global_colors_info=\u00bb{}\u00bb]<\/p>\n<h1>Formaci\u00f3n<\/h1>\n<p>[\/et_pb_text][et_pb_divider divider_weight=\u00bb2px\u00bb _builder_version=\u00bb4.21.0&#8243; _module_preset=\u00bbdefault\u00bb width=\u00bb10%\u00bb module_alignment=\u00bbcenter\u00bb custom_margin=\u00bb25px||25px||true|false\u00bb global_colors_info=\u00bb{}\u00bb][\/et_pb_divider][\/et_pb_column][\/et_pb_row][\/et_pb_section][et_pb_section fb_built=\u00bb1&#8243; _builder_version=\u00bb4.21.0&#8243; _module_preset=\u00bbdefault\u00bb use_background_color_gradient=\u00bbon\u00bb background_color_gradient_direction=\u00bb147deg\u00bb background_color_gradient_stops=\u00bbrgba(255,255,255,0.93) 1%|rgba(255,255,255,0) 100%\u00bb background_color_gradient_overlays_image=\u00bbon\u00bb background_image=\u00bbhttps:\/\/b-s.group\/wp-content\/uploads\/2020\/10\/garage-img-06.png\u00bb parallax=\u00bbon\u00bb parallax_method=\u00bboff\u00bb custom_padding=\u00bb90px|||||\u00bb global_colors_info=\u00bb{}\u00bb][et_pb_row column_structure=\u00bb1_2,1_2&#8243; _builder_version=\u00bb4.25.0&#8243; _module_preset=\u00bbdefault\u00bb custom_margin=\u00bb0px||||false|false\u00bb custom_padding=\u00bb0px||||false|false\u00bb global_colors_info=\u00bb{}\u00bb][et_pb_column type=\u00bb1_2&#8243; _builder_version=\u00bb4.24.2&#8243; _module_preset=\u00bbdefault\u00bb global_colors_info=\u00bb{}\u00bb][et_pb_text _builder_version=\u00bb4.25.0&#8243; _module_preset=\u00bbdefault\u00bb hover_enabled=\u00bb0&#8243; global_colors_info=\u00bb%91%93&#8243; header_2_font_size__hover_enabled=\u00bboff|hover\u00bb header_2_font_size__hover=\u00bb41px\u00bb sticky_enabled=\u00bb0&#8243;]<\/p>\n<h2>Formaci\u00f3n: el camino correcto para tu futuro.<\/h2>\n<h3>La educaci\u00f3n es la piedra angular de tu futuro.<br \/>\nElige la empresa adecuada.<\/h3>\n<p><strong>Un aprendizaje como mec\u00e1nico industrial es la forma ideal de entrar en el mundo laboral. Con mucha motivaci\u00f3n y pasi\u00f3n, las oportunidades y la variedad de perspectivas con nosotros son infinitas.<\/strong><\/p>\n<p>Tu formaci\u00f3n durar\u00e1 entre <strong>2 y 3,5 a\u00f1os<\/strong> \u2013dependiendo de tus cualificaciones previas. Si te va bien en la escuela y en la empresa, tienes la oportunidad de acortar la formaci\u00f3n al menos seis meses.<\/p>\n<p>El enfoque est\u00e1 en aprender y trabajar en el \u00e1rea de formaci\u00f3n y en el \u00e1rea de especializaci\u00f3n. Trabajamos en cooperaci\u00f3n con la escuela de formaci\u00f3n profesional para que la ense\u00f1anza de conocimientos te\u00f3ricos vaya de la mano de los conocimientos orientados a la pr\u00e1ctica. Al hacerlo, siempre seguimos el contenido de la C\u00e1mara de Industria y Comercio y ofrecemos una base s\u00f3lida para su formaci\u00f3n profesional.<\/p>\n<p>Ofrecemos un entorno apasionante con m\u00e1quinas modernas y procesos innovadores para unas condiciones de trabajo excelentes. Experimentar\u00e1 de primera mano la tecnolog\u00eda m\u00e1s avanzada en nuestras instalaciones de Remchingen.<\/p>\n<p>Tu formaci\u00f3n en b+s tiene como objetivo desarrollar muchas habilidades, como el trabajo en equipo, la iniciativa y la independencia, y dar forma a tu carrera profesional. Toda tu formaci\u00f3n estar\u00e1 supervisada por nuestros supervisores de formaci\u00f3n, y nos aseguraremos de que alcances tus objetivos de desarrollo profesional y personal. b+s quiere ofrecer a los j\u00f3venes la oportunidad de desarrollarse en el mundo laboral, por eso nos complace dar la bienvenida a mujeres o hombres j\u00f3venes que est\u00e9n entusiasmados por asumir un nuevo reto y unirse a nosotros.<\/p>\n<p>b+s quiere ofrecer a los j\u00f3venes la oportunidad de desarrollarse en el mundo laboral, por eso siempre estamos encantados de recibir a j\u00f3venes mujeres u hombres entusiastas por asumir un nuevo reto.<\/p>\n<p>Nuestro principal objetivo es formar a nuestro personal subalterno en diferentes departamentos. Nuestro activo m\u00e1s importante son nuestros especialistas altamente capacitados y motivados, a los que nosotros mismos hemos formado.<\/p>\n<p><strong>Las solicitudes espont\u00e1neas son siempre bienvenidas. Ponte en contacto con nosotros y \u00fanete a nosotros en un lugar donde la calidad se une a la tradici\u00f3n.<\/strong>[\/et_pb_text][et_pb_image src=\u00bbhttps:\/\/b-s-germany.de\/wp-content\/uploads\/2024\/04\/b-s-germany_content_signatur_baral-und-kunz.jpg\u00bb alt=\u00bbBurghardt+Schmidt GmbH &#8211; ingenier\u00eda mec\u00e1nica y de plantas &#8211; Firma de Baral y Kunz\u00bb title_text=\u00bbBurghardt+Schmidt GmbH &#8211; ingenier\u00eda mec\u00e1nica y de plantas &#8211; Firma de Baral y Kunz\u00bb _builder_version=\u00bb4.24.3&#8243; _module_preset=\u00bbdefault\u00bb custom_margin=\u00bb||11px|||\u00bb global_colors_info=\u00bb{}\u00bb][\/et_pb_image][et_pb_text _builder_version=\u00bb4.24.3&#8243; _module_preset=\u00bbdefault\u00bb global_colors_info=\u00bb{}\u00bb]<\/p>\n<h4><span>Thomas Baral y Achim Kunz<\/span><\/h4>\n<p><span>Direcci\u00f3n<\/span><\/p>\n<p>[\/et_pb_text][\/et_pb_column][et_pb_column type=\u00bb1_2&#8243; _builder_version=\u00bb4.24.2&#8243; _module_preset=\u00bbdefault\u00bb global_colors_info=\u00bb{}\u00bb][et_pb_image src=\u00bbhttps:\/\/b-s-germany.de\/wp-content\/uploads\/2024\/04\/b-s-germany_content_ausbilung-bei-burghardtschmidt.jpg\u00bb alt=\u00bbBurghardt+Schmidt GmbH &#8211; Ingenier\u00eda mec\u00e1nica y de plantas &#8211; Formaci\u00f3n\u00bb title_text=\u00bbBurghardt+Schmidt GmbH &#8211; Ingenier\u00eda mec\u00e1nica y de plantas &#8211; Formaci\u00f3n\u00bb _builder_version=\u00bb4.24.3&#8243; _module_preset=\u00bbdefault\u00bb width=\u00bb90%\u00bb custom_margin=\u00bb||22px|||\u00bb global_colors_info=\u00bb{}\u00bb][\/et_pb_image][et_pb_blurb title=\u00bbFolleto para aprendices\u00bb url=\u00bb@ET-DC@eyJkeW5hbWljIjp0cnVlLCJjb250ZW50IjoicG9zdF9saW5rX3VybF9hdHRhY2htZW50Iiwic2V0dGluZ3MiOnsicG9zdF9pZCI6IjMwNDkifX0=@\u00bb url_new_window=\u00bbon\u00bb use_icon=\u00bbon\u00bb font_icon=\u00bb&#xf56d;||fa||900&#8243; icon_placement=\u00bbleft\u00bb content_max_width=\u00bb100%\u00bb _builder_version=\u00bb4.24.3&#8243; _dynamic_attributes=\u00bburl,link_option_url\u00bb _module_preset=\u00bbdefault\u00bb header_font_size=\u00bb20px\u00bb header_line_height=\u00bb1.4em\u00bb background_color=\u00bb#F2F3F3&#8243; width=\u00bb90%\u00bb custom_margin=\u00bb||20px||false|false\u00bb custom_padding=\u00bb30px|30px|30px|30px|true|true\u00bb link_option_url=\u00bb@ET-DC@eyJkeW5hbWljIjp0cnVlLCJjb250ZW50IjoicG9zdF9saW5rX3VybF9hdHRhY2htZW50Iiwic2V0dGluZ3MiOnsicG9zdF9pZCI6IjMwNDkifX0=@\u00bb link_option_url_new_window=\u00bbon\u00bb global_colors_info=\u00bb{}\u00bb header_text_color__hover_enabled=\u00bbon|hover\u00bb header_text_color__hover=\u00bb#B51F2A\u00bb background_color__hover=\u00bb#eaeaea\u00bb background__hover_enabled=\u00bbon|hover\u00bb background_enable_color__hover=\u00bbon\u00bb]<\/p>\n<p>Descubra m\u00e1s sobre Burghardt+Schmidt como empresa de formaci\u00f3n en nuestro folleto para aprendices.<\/p>\n<p>[\/et_pb_blurb][et_pb_blurb title=\u00bbContacto\u00bb url=\u00bbhttps:\/\/b-s-germany.de\/kontakt\/\u00bb use_icon=\u00bbon\u00bb font_icon=\u00bb&#xe066;||divi||400&#8243; icon_placement=\u00bbleft\u00bb content_max_width=\u00bb100%\u00bb _builder_version=\u00bb4.24.3&#8243; _module_preset=\u00bbdefault\u00bb header_font_size=\u00bb20px\u00bb header_line_height=\u00bb1.4em\u00bb background_color=\u00bb#F2F3F3&#8243; width=\u00bb90%\u00bb custom_margin=\u00bb||20px||false|false\u00bb custom_padding=\u00bb30px|30px|30px|30px|true|true\u00bb link_option_url=\u00bbhttps:\/\/b-s-germany.de\/kontakt\/\u00bb global_colors_info=\u00bb{}\u00bb header_text_color__hover_enabled=\u00bbon|hover\u00bb header_text_color__hover=\u00bb#B51F2A\u00bb background__hover_enabled=\u00bbon|hover\u00bb background_color__hover=\u00bb#eaeaea\u00bb background_enable_color__hover=\u00bbon\u00bb]<\/p>\n<p>\u00bfTiene alguna pregunta o le gustar\u00eda enviarnos su solicitud? No dude en ponerse en contacto con nosotros a trav\u00e9s de nuestro formulario de contacto.<\/p>\n<p>[\/et_pb_blurb][\/et_pb_column][\/et_pb_row][\/et_pb_section]<\/p>\n","protected":false},"excerpt":{"rendered":"<p>Formaci\u00f3nFormaci\u00f3n: el camino correcto para tu futuro. La educaci\u00f3n es la piedra angular de tu futuro. Elige la empresa adecuada. Un aprendizaje como mec\u00e1nico industrial es la forma ideal de entrar en el mundo laboral. Con mucha motivaci\u00f3n y pasi\u00f3n, las oportunidades y la variedad de perspectivas con nosotros son infinitas. Tu formaci\u00f3n durar\u00e1 entre [&hellip;]<\/p>\n","protected":false},"author":4,"featured_media":0,"parent":7943,"menu_order":10,"comment_status":"closed","ping_status":"closed","template":"","meta":{"_et_pb_use_builder":"on","_et_pb_old_content":"","_et_gb_content_width":"","footnotes":""},"dipi_cpt_category":[],"class_list":["post-7952","page","type-page","status-publish","hentry"],"yoast_head":"<!-- This site is optimized with the Yoast SEO plugin v27.4 - https:\/\/yoast.com\/product\/yoast-seo-wordpress\/ -->\n<title>Formaci\u00f3n - b+s germany<\/title>\n<meta name=\"robots\" content=\"index, follow, max-snippet:-1, max-image-preview:large, max-video-preview:-1\" \/>\n<link rel=\"canonical\" href=\"https:\/\/b-s-germany.de\/es\/empleo\/formacion\/\" \/>\n<meta property=\"og:locale\" content=\"es_ES\" \/>\n<meta property=\"og:type\" content=\"article\" \/>\n<meta property=\"og:title\" content=\"Formaci\u00f3n - b+s germany\" \/>\n<meta property=\"og:description\" content=\"Formaci\u00f3nFormaci\u00f3n: el camino correcto para tu futuro. La educaci\u00f3n es la piedra angular de tu futuro. Elige la empresa adecuada. Un aprendizaje como mec\u00e1nico industrial es la forma ideal de entrar en el mundo laboral. Con mucha motivaci\u00f3n y pasi\u00f3n, las oportunidades y la variedad de perspectivas con nosotros son infinitas. Tu formaci\u00f3n durar\u00e1 entre [&hellip;]\" \/>\n<meta property=\"og:url\" content=\"https:\/\/b-s-germany.de\/es\/empleo\/formacion\/\" \/>\n<meta property=\"og:site_name\" content=\"b+s germany\" \/>\n<meta property=\"article:modified_time\" content=\"2025-01-28T08:09:09+00:00\" \/>\n<meta name=\"twitter:card\" content=\"summary_large_image\" \/>\n<meta name=\"twitter:label1\" content=\"Tiempo de lectura\" \/>\n\t<meta name=\"twitter:data1\" content=\"6 minutos\" \/>\n<script type=\"application\/ld+json\" class=\"yoast-schema-graph\">{\"@context\":\"https:\\\/\\\/schema.org\",\"@graph\":[{\"@type\":\"WebPage\",\"@id\":\"https:\\\/\\\/b-s-germany.de\\\/es\\\/empleo\\\/formacion\\\/\",\"url\":\"https:\\\/\\\/b-s-germany.de\\\/es\\\/empleo\\\/formacion\\\/\",\"name\":\"Formaci\u00f3n - b+s germany\",\"isPartOf\":{\"@id\":\"https:\\\/\\\/b-s-germany.de\\\/es\\\/#website\"},\"datePublished\":\"2024-03-26T08:50:38+00:00\",\"dateModified\":\"2025-01-28T08:09:09+00:00\",\"breadcrumb\":{\"@id\":\"https:\\\/\\\/b-s-germany.de\\\/es\\\/empleo\\\/formacion\\\/#breadcrumb\"},\"inLanguage\":\"es\",\"potentialAction\":[{\"@type\":\"ReadAction\",\"target\":[\"https:\\\/\\\/b-s-germany.de\\\/es\\\/empleo\\\/formacion\\\/\"]}]},{\"@type\":\"BreadcrumbList\",\"@id\":\"https:\\\/\\\/b-s-germany.de\\\/es\\\/empleo\\\/formacion\\\/#breadcrumb\",\"itemListElement\":[{\"@type\":\"ListItem\",\"position\":1,\"name\":\"Startseite\",\"item\":\"https:\\\/\\\/b-s-germany.de\\\/es\\\/\"},{\"@type\":\"ListItem\",\"position\":2,\"name\":\"Empleo\",\"item\":\"https:\\\/\\\/b-s-germany.de\\\/es\\\/karriere\\\/\"},{\"@type\":\"ListItem\",\"position\":3,\"name\":\"Formaci\u00f3n\"}]},{\"@type\":\"WebSite\",\"@id\":\"https:\\\/\\\/b-s-germany.de\\\/es\\\/#website\",\"url\":\"https:\\\/\\\/b-s-germany.de\\\/es\\\/\",\"name\":\"b+s germany - the next level of coil processing | Burghardt + Schmidt\",\"description\":\"the next level of coil processing | Burghardt + Schmidt\",\"publisher\":{\"@id\":\"https:\\\/\\\/b-s-germany.de\\\/es\\\/#organization\"},\"potentialAction\":[{\"@type\":\"SearchAction\",\"target\":{\"@type\":\"EntryPoint\",\"urlTemplate\":\"https:\\\/\\\/b-s-germany.de\\\/es\\\/?s={search_term_string}\"},\"query-input\":{\"@type\":\"PropertyValueSpecification\",\"valueRequired\":true,\"valueName\":\"search_term_string\"}}],\"inLanguage\":\"es\"},{\"@type\":\"Organization\",\"@id\":\"https:\\\/\\\/b-s-germany.de\\\/es\\\/#organization\",\"name\":\"b+s germany - the next level of coil processing | Burghardt + Schmidt\",\"url\":\"https:\\\/\\\/b-s-germany.de\\\/es\\\/\",\"logo\":{\"@type\":\"ImageObject\",\"inLanguage\":\"es\",\"@id\":\"https:\\\/\\\/b-s-germany.de\\\/es\\\/#\\\/schema\\\/logo\\\/image\\\/\",\"url\":\"https:\\\/\\\/b-s-germany.de\\\/wp-content\\\/uploads\\\/2024\\\/04\\\/b-s-group_content_logo-burghardt-schmidt.png\",\"contentUrl\":\"https:\\\/\\\/b-s-germany.de\\\/wp-content\\\/uploads\\\/2024\\\/04\\\/b-s-group_content_logo-burghardt-schmidt.png\",\"width\":800,\"height\":162,\"caption\":\"b+s germany - the next level of coil processing | Burghardt + Schmidt\"},\"image\":{\"@id\":\"https:\\\/\\\/b-s-germany.de\\\/es\\\/#\\\/schema\\\/logo\\\/image\\\/\"}}]}<\/script>\n<!-- \/ Yoast SEO plugin. -->","yoast_head_json":{"title":"Formaci\u00f3n - b+s germany","robots":{"index":"index","follow":"follow","max-snippet":"max-snippet:-1","max-image-preview":"max-image-preview:large","max-video-preview":"max-video-preview:-1"},"canonical":"https:\/\/b-s-germany.de\/es\/empleo\/formacion\/","og_locale":"es_ES","og_type":"article","og_title":"Formaci\u00f3n - b+s germany","og_description":"Formaci\u00f3nFormaci\u00f3n: el camino correcto para tu futuro. La educaci\u00f3n es la piedra angular de tu futuro. Elige la empresa adecuada. Un aprendizaje como mec\u00e1nico industrial es la forma ideal de entrar en el mundo laboral. Con mucha motivaci\u00f3n y pasi\u00f3n, las oportunidades y la variedad de perspectivas con nosotros son infinitas. Tu formaci\u00f3n durar\u00e1 entre [&hellip;]","og_url":"https:\/\/b-s-germany.de\/es\/empleo\/formacion\/","og_site_name":"b+s germany","article_modified_time":"2025-01-28T08:09:09+00:00","twitter_card":"summary_large_image","twitter_misc":{"Tiempo de lectura":"6 minutos"},"schema":{"@context":"https:\/\/schema.org","@graph":[{"@type":"WebPage","@id":"https:\/\/b-s-germany.de\/es\/empleo\/formacion\/","url":"https:\/\/b-s-germany.de\/es\/empleo\/formacion\/","name":"Formaci\u00f3n - b+s germany","isPartOf":{"@id":"https:\/\/b-s-germany.de\/es\/#website"},"datePublished":"2024-03-26T08:50:38+00:00","dateModified":"2025-01-28T08:09:09+00:00","breadcrumb":{"@id":"https:\/\/b-s-germany.de\/es\/empleo\/formacion\/#breadcrumb"},"inLanguage":"es","potentialAction":[{"@type":"ReadAction","target":["https:\/\/b-s-germany.de\/es\/empleo\/formacion\/"]}]},{"@type":"BreadcrumbList","@id":"https:\/\/b-s-germany.de\/es\/empleo\/formacion\/#breadcrumb","itemListElement":[{"@type":"ListItem","position":1,"name":"Startseite","item":"https:\/\/b-s-germany.de\/es\/"},{"@type":"ListItem","position":2,"name":"Empleo","item":"https:\/\/b-s-germany.de\/es\/karriere\/"},{"@type":"ListItem","position":3,"name":"Formaci\u00f3n"}]},{"@type":"WebSite","@id":"https:\/\/b-s-germany.de\/es\/#website","url":"https:\/\/b-s-germany.de\/es\/","name":"b+s germany - the next level of coil processing | Burghardt + Schmidt","description":"the next level of coil processing | Burghardt + Schmidt","publisher":{"@id":"https:\/\/b-s-germany.de\/es\/#organization"},"potentialAction":[{"@type":"SearchAction","target":{"@type":"EntryPoint","urlTemplate":"https:\/\/b-s-germany.de\/es\/?s={search_term_string}"},"query-input":{"@type":"PropertyValueSpecification","valueRequired":true,"valueName":"search_term_string"}}],"inLanguage":"es"},{"@type":"Organization","@id":"https:\/\/b-s-germany.de\/es\/#organization","name":"b+s germany - the next level of coil processing | Burghardt + Schmidt","url":"https:\/\/b-s-germany.de\/es\/","logo":{"@type":"ImageObject","inLanguage":"es","@id":"https:\/\/b-s-germany.de\/es\/#\/schema\/logo\/image\/","url":"https:\/\/b-s-germany.de\/wp-content\/uploads\/2024\/04\/b-s-group_content_logo-burghardt-schmidt.png","contentUrl":"https:\/\/b-s-germany.de\/wp-content\/uploads\/2024\/04\/b-s-group_content_logo-burghardt-schmidt.png","width":800,"height":162,"caption":"b+s germany - the next level of coil processing | Burghardt + Schmidt"},"image":{"@id":"https:\/\/b-s-germany.de\/es\/#\/schema\/logo\/image\/"}}]}},"_links":{"self":[{"href":"https:\/\/b-s-germany.de\/es\/wp-json\/wp\/v2\/pages\/7952","targetHints":{"allow":["GET"]}}],"collection":[{"href":"https:\/\/b-s-germany.de\/es\/wp-json\/wp\/v2\/pages"}],"about":[{"href":"https:\/\/b-s-germany.de\/es\/wp-json\/wp\/v2\/types\/page"}],"author":[{"embeddable":true,"href":"https:\/\/b-s-germany.de\/es\/wp-json\/wp\/v2\/users\/4"}],"replies":[{"embeddable":true,"href":"https:\/\/b-s-germany.de\/es\/wp-json\/wp\/v2\/comments?post=7952"}],"version-history":[{"count":2,"href":"https:\/\/b-s-germany.de\/es\/wp-json\/wp\/v2\/pages\/7952\/revisions"}],"predecessor-version":[{"id":7954,"href":"https:\/\/b-s-germany.de\/es\/wp-json\/wp\/v2\/pages\/7952\/revisions\/7954"}],"up":[{"embeddable":true,"href":"https:\/\/b-s-germany.de\/es\/wp-json\/wp\/v2\/pages\/7943"}],"wp:attachment":[{"href":"https:\/\/b-s-germany.de\/es\/wp-json\/wp\/v2\/media?parent=7952"}],"wp:term":[{"taxonomy":"dipi_cpt_category","embeddable":true,"href":"https:\/\/b-s-germany.de\/es\/wp-json\/wp\/v2\/dipi_cpt_category?post=7952"}],"curies":[{"name":"wp","href":"https:\/\/api.w.org\/{rel}","templated":true}]}}