{"id":7943,"date":"2024-03-26T09:48:12","date_gmt":"2024-03-26T08:48:12","guid":{"rendered":"https:\/\/b-s-germany.de\/empleo\/"},"modified":"2025-01-28T09:03:54","modified_gmt":"2025-01-28T08:03:54","slug":"empleo","status":"publish","type":"page","link":"https:\/\/b-s-germany.de\/es\/empleo\/","title":{"rendered":"Empleo"},"content":{"rendered":"<p>[et_pb_section fb_built=\u00bb1&#8243; custom_padding_last_edited=\u00bbon|phone\u00bb next_background_color=\u00bb#ffffff\u00bb admin_label=\u00bbsection\u00bb _builder_version=\u00bb4.24.2&#8243; _module_preset=\u00bbdefault\u00bb background_color=\u00bb#FFFFFF\u00bb use_background_color_gradient=\u00bbon\u00bb background_color_gradient_direction=\u00bb172deg\u00bb background_color_gradient_stops=\u00bb#454754 0%|#7d8386 99%\u00bb background_color_gradient_overlays_image=\u00bbon\u00bb background_image=\u00bbhttps:\/\/b-s-germany.de\/wp-content\/uploads\/2024\/04\/b-s-group_content_headerfoto-maschine-001.jpg\u00bb background_position=\u00bbtop_center\u00bb background_vertical_offset=\u00bb35%\u00bb background_blend=\u00bbmultiply\u00bb custom_padding=\u00bb85px||90px||false|false\u00bb custom_padding_tablet=\u00bb85px||90px||false|false\u00bb custom_padding_phone=\u00bb90px||30px||false|false\u00bb bottom_divider_style=\u00bbarrow2&#8243; bottom_divider_height_tablet=\u00bb70px\u00bb bottom_divider_height_phone=\u00bb50px\u00bb bottom_divider_height_last_edited=\u00bbon|phone\u00bb global_colors_info=\u00bb{}\u00bb][et_pb_row _builder_version=\u00bb4.21.0&#8243; _module_preset=\u00bbdefault\u00bb custom_padding=\u00bb22px||50px||false|false\u00bb scroll_vertical_motion_enable=\u00bbon\u00bb scroll_vertical_motion=\u00bb0|90|90|100|0|0|0.5&#8243; scroll_fade_enable=\u00bbon\u00bb scroll_fade=\u00bb0|90|90|100|100%|100%|0%\u00bb global_colors_info=\u00bb{}\u00bb][et_pb_column type=\u00bb4_4&#8243; _builder_version=\u00bb4.16&#8243; _module_preset=\u00bbdefault\u00bb global_colors_info=\u00bb{}\u00bb][et_pb_text _builder_version=\u00bb4.24.2&#8243; _module_preset=\u00bbc9c08129-dcaa-4b59-bb51-b3aa18143018&#8243; header_text_align=\u00bbcenter\u00bb header_text_color=\u00bb#ffffff\u00bb header_font_size=\u00bb60px\u00bb custom_margin=\u00bb||10px||false|false\u00bb header_font_size_tablet=\u00bb50px\u00bb header_font_size_phone=\u00bb40px\u00bb header_font_size_last_edited=\u00bbon|desktop\u00bb global_colors_info=\u00bb{}\u00bb]<\/p>\n<h1>Empleo<\/h1>\n<p>[\/et_pb_text][et_pb_divider divider_weight=\u00bb2px\u00bb _builder_version=\u00bb4.21.0&#8243; _module_preset=\u00bbdefault\u00bb width=\u00bb10%\u00bb module_alignment=\u00bbcenter\u00bb custom_margin=\u00bb25px||25px||true|false\u00bb global_colors_info=\u00bb{}\u00bb][\/et_pb_divider][\/et_pb_column][\/et_pb_row][\/et_pb_section][et_pb_section fb_built=\u00bb1&#8243; _builder_version=\u00bb4.21.0&#8243; _module_preset=\u00bbdefault\u00bb use_background_color_gradient=\u00bbon\u00bb background_color_gradient_direction=\u00bb147deg\u00bb background_color_gradient_stops=\u00bbrgba(255,255,255,0.93) 1%|rgba(255,255,255,0) 100%\u00bb background_color_gradient_overlays_image=\u00bbon\u00bb background_image=\u00bbhttps:\/\/b-s.group\/wp-content\/uploads\/2020\/10\/garage-img-06.png\u00bb parallax=\u00bbon\u00bb parallax_method=\u00bboff\u00bb custom_padding=\u00bb90px|||||\u00bb global_colors_info=\u00bb{}\u00bb][et_pb_row column_structure=\u00bb1_2,1_2&#8243; _builder_version=\u00bb4.25.0&#8243; _module_preset=\u00bbdefault\u00bb custom_padding=\u00bb0px||||false|false\u00bb global_colors_info=\u00bb{}\u00bb][et_pb_column type=\u00bb1_2&#8243; _builder_version=\u00bb4.24.2&#8243; _module_preset=\u00bbdefault\u00bb global_colors_info=\u00bb{}\u00bb][et_pb_text _builder_version=\u00bb4.24.2&#8243; _module_preset=\u00bbdefault\u00bb header_2_font_size=\u00bb50px\u00bb global_colors_info=\u00bb%91%93&#8243; header_2_font_size__hover_enabled=\u00bboff|hover\u00bb header_2_font_size__hover=\u00bb41px\u00bb]<\/p>\n<h2>Empleo en b+s<\/h2>\n<h3>\u00a1\u00danase a nuestro equipo!<\/h3>\n<p><span>Somos una empresa de ingenier\u00eda mec\u00e1nica con vocaci\u00f3n internacional que fabrica m\u00e1quinas y sistemas innovadores para cortar y nivelar bandas met\u00e1licas finas y sensibles desde 1945. En nuestras instalaciones de Remchingen, desarrollamos y fabricamos productos personalizados con los m\u00e1s altos est\u00e1ndares de calidad y precisi\u00f3n. <\/span><\/p>\n<p><strong>Tus futuros compa\u00f1eros est\u00e1n deseando conocerte. <\/strong><\/p>\n<p>[\/et_pb_text][\/et_pb_column][et_pb_column type=\u00bb1_2&#8243; _builder_version=\u00bb4.24.2&#8243; _module_preset=\u00bbdefault\u00bb global_colors_info=\u00bb{}\u00bb][et_pb_text module_class=\u00bbbenefits\u00bb _builder_version=\u00bb4.25.0&#8243; _module_preset=\u00bbdefault\u00bb custom_css_free_form=\u00bb.benefits li {||  margin: 0px !important;||}\u00bb global_colors_info=\u00bb{}\u00bb]<\/p>\n<h3>Ventajas en b+s<\/h3>\n<ul>\n<li>Comunicaci\u00f3n abierta y jerarqu\u00edas planas<\/li>\n<li>Apoyo a las iniciativas de los empleados<\/li>\n<li>Reuniones peri\u00f3dicas de feedback<\/li>\n<li>Aparcamiento gratuito y aparcabicis<\/li>\n<li>Buenas conexiones de transporte p\u00fablico y autopista<\/li>\n<li>Instalaciones modernas y con aire acondicionado<\/li>\n<li>Bebidas gratis y cocina bien equipada<\/li>\n<li>M\u00e9dico de empresa<\/li>\n<li>Formaci\u00f3n remunerada<\/li>\n<li>Remuneraci\u00f3n justa<\/li>\n<li>Horario de trabajo flexible<\/li>\n<li>Bicicleta de trabajo<\/li>\n<\/ul>\n<p>[\/et_pb_text][\/et_pb_column][\/et_pb_row][et_pb_row column_structure=\u00bb1_2,1_2&#8243; use_custom_gutter=\u00bbon\u00bb gutter_width=\u00bb2&#8243; _builder_version=\u00bb4.24.2&#8243; _module_preset=\u00bbdefault\u00bb custom_margin=\u00bb10px||40px||false|false\u00bb custom_margin_tablet=\u00bb||30px||false|false\u00bb custom_margin_phone=\u00bb||30px||false|false\u00bb custom_margin_last_edited=\u00bbon|tablet\u00bb custom_padding=\u00bb0px||0px||true|false\u00bb global_colors_info=\u00bb{}\u00bb][et_pb_column type=\u00bb1_2&#8243; _builder_version=\u00bb4.24.2&#8243; _module_preset=\u00bbdefault\u00bb global_colors_info=\u00bb{}\u00bb][dipi_hover_box content_title=\u00bbPuestos vacantes\u00bb use_content_icon=\u00bbon\u00bb content_icon=\u00bb&#xf35d;||fa||900&#8243; content_icon_color=\u00bb#B51F2A\u00bb content_icon_size=\u00bb36px\u00bb content_hover_title=\u00bbPuestos vacantes\u00bb use_content_hover_icon=\u00bbon\u00bb content_hover_icon=\u00bb&#xf35d;||fa||900&#8243; content_hover_icon_color=\u00bb#FFFFFF\u00bb content_hover_content=\u00bbVisite nuestras p\u00e1ginas de empleo externas para descubrir atractivas ofertas de trabajo y obtener m\u00e1s informaci\u00f3n sobre nosotros como empleador.\u00bb use_content_hover_button=\u00bbon\u00bb content_hover_button_text=\u00bbPuestos vacantes\u00bb content_hover_button_link=\u00bbhttps:\/\/burghardt-schmidt.workwise.io\/\u00bb content_hover_button_link_target=\u00bbon\u00bb hover_box_align_front=\u00bbbottom\u00bb content_hover_bg_color=\u00bbrgba(181,31,42,0.86)\u00bb content_bg_use_color_gradient=\u00bbon\u00bb content_bg_color_gradient_stops=\u00bbrgba(255,255,255,0) 31%|#454754 100%\u00bb content_bg_color_gradient_overlays_image=\u00bbon\u00bb content_bg_image=\u00bbhttps:\/\/b-s-germany.de\/wp-content\/uploads\/2024\/04\/b-s-germany_content_karriere_stellenanzeigen.jpg\u00bb content_bg_blend=\u00bbmultiply\u00bb _builder_version=\u00bb4.25.0&#8243; _module_preset=\u00bbdefault\u00bb header_text_color=\u00bb#FFFFFF\u00bb header_3_text_color=\u00bb#FFFFFF\u00bb content_title_text_color=\u00bb#FFFFFF\u00bb content_desc_text_color=\u00bb#FFFFFF\u00bb content_desc_font_size=\u00bb16px\u00bb content_desc_line_height=\u00bb1.3em\u00bb content_hover_title_text_color=\u00bb#FFFFFF\u00bb content_hover_desc_text_color=\u00bb#FFFFFF\u00bb custom_content_hover_button=\u00bbon\u00bb content_hover_button_bg_color=\u00bb#454754&#8243; content_hover_button_border_width=\u00bb0px\u00bb content_hover_button_border_radius=\u00bb0px\u00bb content_hover_button_font=\u00bb|700|||||||\u00bb content_hover_button_icon=\u00bb&#xf35d;||fa||900&#8243; content_hover_button_on_hover=\u00bboff\u00bb link_option_url=\u00bbhttps:\/\/burghardt-schmidt.workwise.io\u00bb link_option_url_new_window=\u00bbon\u00bb custom_css_content_title=\u00bbmargin-bottom: -20px !important;\u00bb global_colors_info=\u00bb{}\u00bb content_hover_button_bg_color__hover_enabled=\u00bbon|desktop\u00bb content_hover_button_bg_color__hover=\u00bb#7D8386&#8243; content_hover_button_bg_enable_color__hover=\u00bbon\u00bb][\/dipi_hover_box][\/et_pb_column][et_pb_column type=\u00bb1_2&#8243; _builder_version=\u00bb4.24.2&#8243; _module_preset=\u00bbdefault\u00bb global_colors_info=\u00bb{}\u00bb][dipi_hover_box content_title=\u00bbFormaci\u00f3n\u00bb use_content_icon=\u00bbon\u00bb content_icon=\u00bb&#xf19d;||fa||900&#8243; content_icon_color=\u00bb#B51F2A\u00bb content_icon_size=\u00bb36px\u00bb content_hover_title=\u00bbFormaci\u00f3n como mec\u00e1nico industrial\u00bb use_content_hover_icon=\u00bbon\u00bb content_hover_icon=\u00bb&#xf19d;||fa||900&#8243; content_hover_icon_color=\u00bb#FFFFFF\u00bb content_hover_content=\u00bb<\/p>\n<p>Descubre m\u00e1s sobre la <strong>formaci\u00f3n como mec\u00e1nico industrial<\/strong> y comienza tu carrera en Burghardt+Schmidt.<\/p>\n<p>\u00bb use_content_hover_button=\u00bbon\u00bb content_hover_button_text=\u00bbM\u00e1s informaci\u00f3n\u00bb content_hover_button_link=\u00bb@ET-DC@eyJkeW5hbWljIjp0cnVlLCJjb250ZW50IjoicG9zdF9saW5rX3VybF9wYWdlIiwic2V0dGluZ3MiOnsicG9zdF9pZCI6IjEyMyJ9fQ==@\u00bb hover_box_align_front=\u00bbbottom\u00bb content_hover_bg_color=\u00bbrgba(181,31,42,0.86)\u00bb content_bg_use_color_gradient=\u00bbon\u00bb content_bg_color_gradient_stops=\u00bbrgba(255,255,255,0) 31%|#454754 100%\u00bb content_bg_color_gradient_overlays_image=\u00bbon\u00bb content_bg_image=\u00bbhttps:\/\/b-s-germany.de\/wp-content\/uploads\/2024\/04\/b-s-germany_content_karriere_ausbildung.jpg\u00bb content_bg_blend=\u00bbmultiply\u00bb _builder_version=\u00bb4.25.0&#8243; _dynamic_attributes=\u00bbcontent_hover_button_link,link_option_url\u00bb _module_preset=\u00bbdefault\u00bb header_text_color=\u00bb#FFFFFF\u00bb header_3_text_color=\u00bb#FFFFFF\u00bb content_title_text_color=\u00bb#FFFFFF\u00bb content_desc_text_color=\u00bb#FFFFFF\u00bb content_desc_font_size=\u00bb16px\u00bb content_desc_line_height=\u00bb1.3em\u00bb content_hover_title_text_color=\u00bb#FFFFFF\u00bb content_hover_desc_text_color=\u00bb#FFFFFF\u00bb custom_content_hover_button=\u00bbon\u00bb content_hover_button_bg_color=\u00bb#454754&#8243; content_hover_button_border_width=\u00bb0px\u00bb content_hover_button_border_radius=\u00bb0px\u00bb content_hover_button_font=\u00bb|700|||||||\u00bb content_hover_button_icon=\u00bb&#x24;||divi||400&#8243; content_hover_button_on_hover=\u00bboff\u00bb link_option_url=\u00bb@ET-DC@eyJkeW5hbWljIjp0cnVlLCJjb250ZW50IjoicG9zdF9saW5rX3VybF9wYWdlIiwic2V0dGluZ3MiOnsicG9zdF9pZCI6IjEyMyJ9fQ==@\u00bb hover_enabled=\u00bb0&#8243; custom_css_content_title=\u00bbmargin-bottom: -20px !important;\u00bb global_colors_info=\u00bb{}\u00bb content_hover_button_bg_color__hover_enabled=\u00bbon|desktop\u00bb content_hover_button_bg_color__hover=\u00bb#7D8386&#8243; content_hover_button_bg_enable_color__hover=\u00bbon\u00bb sticky_enabled=\u00bb0&#8243;][\/dipi_hover_box][\/et_pb_column][\/et_pb_row][\/et_pb_section]<\/p>\n","protected":false},"excerpt":{"rendered":"<p>EmpleoEmpleo en b+s \u00a1\u00danase a nuestro equipo! Somos una empresa de ingenier\u00eda mec\u00e1nica con vocaci\u00f3n internacional que fabrica m\u00e1quinas y sistemas innovadores para cortar y nivelar bandas met\u00e1licas finas y sensibles desde 1945. En nuestras instalaciones de Remchingen, desarrollamos y fabricamos productos personalizados con los m\u00e1s altos est\u00e1ndares de calidad y precisi\u00f3n. Tus futuros compa\u00f1eros [&hellip;]<\/p>\n","protected":false},"author":4,"featured_media":0,"parent":0,"menu_order":70,"comment_status":"closed","ping_status":"closed","template":"","meta":{"_et_pb_use_builder":"on","_et_pb_old_content":"","_et_gb_content_width":"","footnotes":""},"dipi_cpt_category":[],"class_list":["post-7943","page","type-page","status-publish","hentry"],"yoast_head":"<!-- This site is optimized with the Yoast SEO plugin v27.4 - https:\/\/yoast.com\/product\/yoast-seo-wordpress\/ -->\n<title>Empleo - b+s germany<\/title>\n<meta name=\"robots\" content=\"index, follow, max-snippet:-1, max-image-preview:large, max-video-preview:-1\" \/>\n<link rel=\"canonical\" href=\"https:\/\/b-s-germany.de\/es\/empleo\/\" \/>\n<meta property=\"og:locale\" content=\"es_ES\" \/>\n<meta property=\"og:type\" content=\"article\" \/>\n<meta property=\"og:title\" content=\"Empleo - b+s germany\" \/>\n<meta property=\"og:description\" content=\"EmpleoEmpleo en b+s \u00a1\u00danase a nuestro equipo! Somos una empresa de ingenier\u00eda mec\u00e1nica con vocaci\u00f3n internacional que fabrica m\u00e1quinas y sistemas innovadores para cortar y nivelar bandas met\u00e1licas finas y sensibles desde 1945. En nuestras instalaciones de Remchingen, desarrollamos y fabricamos productos personalizados con los m\u00e1s altos est\u00e1ndares de calidad y precisi\u00f3n. Tus futuros compa\u00f1eros [&hellip;]\" \/>\n<meta property=\"og:url\" content=\"https:\/\/b-s-germany.de\/es\/empleo\/\" \/>\n<meta property=\"og:site_name\" content=\"b+s germany\" \/>\n<meta property=\"article:modified_time\" content=\"2025-01-28T08:03:54+00:00\" \/>\n<meta name=\"twitter:card\" content=\"summary_large_image\" \/>\n<meta name=\"twitter:label1\" content=\"Tiempo de lectura\" \/>\n\t<meta name=\"twitter:data1\" content=\"6 minutos\" \/>\n<script type=\"application\/ld+json\" class=\"yoast-schema-graph\">{\"@context\":\"https:\\\/\\\/schema.org\",\"@graph\":[{\"@type\":\"WebPage\",\"@id\":\"https:\\\/\\\/b-s-germany.de\\\/es\\\/empleo\\\/\",\"url\":\"https:\\\/\\\/b-s-germany.de\\\/es\\\/empleo\\\/\",\"name\":\"Empleo - b+s germany\",\"isPartOf\":{\"@id\":\"https:\\\/\\\/b-s-germany.de\\\/es\\\/#website\"},\"datePublished\":\"2024-03-26T08:48:12+00:00\",\"dateModified\":\"2025-01-28T08:03:54+00:00\",\"breadcrumb\":{\"@id\":\"https:\\\/\\\/b-s-germany.de\\\/es\\\/empleo\\\/#breadcrumb\"},\"inLanguage\":\"es\",\"potentialAction\":[{\"@type\":\"ReadAction\",\"target\":[\"https:\\\/\\\/b-s-germany.de\\\/es\\\/empleo\\\/\"]}]},{\"@type\":\"BreadcrumbList\",\"@id\":\"https:\\\/\\\/b-s-germany.de\\\/es\\\/empleo\\\/#breadcrumb\",\"itemListElement\":[{\"@type\":\"ListItem\",\"position\":1,\"name\":\"Startseite\",\"item\":\"https:\\\/\\\/b-s-germany.de\\\/es\\\/\"},{\"@type\":\"ListItem\",\"position\":2,\"name\":\"Empleo\"}]},{\"@type\":\"WebSite\",\"@id\":\"https:\\\/\\\/b-s-germany.de\\\/es\\\/#website\",\"url\":\"https:\\\/\\\/b-s-germany.de\\\/es\\\/\",\"name\":\"b+s germany - the next level of coil processing | Burghardt + Schmidt\",\"description\":\"the next level of coil processing | Burghardt + Schmidt\",\"publisher\":{\"@id\":\"https:\\\/\\\/b-s-germany.de\\\/es\\\/#organization\"},\"potentialAction\":[{\"@type\":\"SearchAction\",\"target\":{\"@type\":\"EntryPoint\",\"urlTemplate\":\"https:\\\/\\\/b-s-germany.de\\\/es\\\/?s={search_term_string}\"},\"query-input\":{\"@type\":\"PropertyValueSpecification\",\"valueRequired\":true,\"valueName\":\"search_term_string\"}}],\"inLanguage\":\"es\"},{\"@type\":\"Organization\",\"@id\":\"https:\\\/\\\/b-s-germany.de\\\/es\\\/#organization\",\"name\":\"b+s germany - the next level of coil processing | Burghardt + Schmidt\",\"url\":\"https:\\\/\\\/b-s-germany.de\\\/es\\\/\",\"logo\":{\"@type\":\"ImageObject\",\"inLanguage\":\"es\",\"@id\":\"https:\\\/\\\/b-s-germany.de\\\/es\\\/#\\\/schema\\\/logo\\\/image\\\/\",\"url\":\"https:\\\/\\\/b-s-germany.de\\\/wp-content\\\/uploads\\\/2024\\\/04\\\/b-s-group_content_logo-burghardt-schmidt.png\",\"contentUrl\":\"https:\\\/\\\/b-s-germany.de\\\/wp-content\\\/uploads\\\/2024\\\/04\\\/b-s-group_content_logo-burghardt-schmidt.png\",\"width\":800,\"height\":162,\"caption\":\"b+s germany - the next level of coil processing | Burghardt + Schmidt\"},\"image\":{\"@id\":\"https:\\\/\\\/b-s-germany.de\\\/es\\\/#\\\/schema\\\/logo\\\/image\\\/\"}}]}<\/script>\n<!-- \/ Yoast SEO plugin. -->","yoast_head_json":{"title":"Empleo - b+s germany","robots":{"index":"index","follow":"follow","max-snippet":"max-snippet:-1","max-image-preview":"max-image-preview:large","max-video-preview":"max-video-preview:-1"},"canonical":"https:\/\/b-s-germany.de\/es\/empleo\/","og_locale":"es_ES","og_type":"article","og_title":"Empleo - b+s germany","og_description":"EmpleoEmpleo en b+s \u00a1\u00danase a nuestro equipo! Somos una empresa de ingenier\u00eda mec\u00e1nica con vocaci\u00f3n internacional que fabrica m\u00e1quinas y sistemas innovadores para cortar y nivelar bandas met\u00e1licas finas y sensibles desde 1945. En nuestras instalaciones de Remchingen, desarrollamos y fabricamos productos personalizados con los m\u00e1s altos est\u00e1ndares de calidad y precisi\u00f3n. Tus futuros compa\u00f1eros [&hellip;]","og_url":"https:\/\/b-s-germany.de\/es\/empleo\/","og_site_name":"b+s germany","article_modified_time":"2025-01-28T08:03:54+00:00","twitter_card":"summary_large_image","twitter_misc":{"Tiempo de lectura":"6 minutos"},"schema":{"@context":"https:\/\/schema.org","@graph":[{"@type":"WebPage","@id":"https:\/\/b-s-germany.de\/es\/empleo\/","url":"https:\/\/b-s-germany.de\/es\/empleo\/","name":"Empleo - b+s germany","isPartOf":{"@id":"https:\/\/b-s-germany.de\/es\/#website"},"datePublished":"2024-03-26T08:48:12+00:00","dateModified":"2025-01-28T08:03:54+00:00","breadcrumb":{"@id":"https:\/\/b-s-germany.de\/es\/empleo\/#breadcrumb"},"inLanguage":"es","potentialAction":[{"@type":"ReadAction","target":["https:\/\/b-s-germany.de\/es\/empleo\/"]}]},{"@type":"BreadcrumbList","@id":"https:\/\/b-s-germany.de\/es\/empleo\/#breadcrumb","itemListElement":[{"@type":"ListItem","position":1,"name":"Startseite","item":"https:\/\/b-s-germany.de\/es\/"},{"@type":"ListItem","position":2,"name":"Empleo"}]},{"@type":"WebSite","@id":"https:\/\/b-s-germany.de\/es\/#website","url":"https:\/\/b-s-germany.de\/es\/","name":"b+s germany - the next level of coil processing | Burghardt + Schmidt","description":"the next level of coil processing | Burghardt + Schmidt","publisher":{"@id":"https:\/\/b-s-germany.de\/es\/#organization"},"potentialAction":[{"@type":"SearchAction","target":{"@type":"EntryPoint","urlTemplate":"https:\/\/b-s-germany.de\/es\/?s={search_term_string}"},"query-input":{"@type":"PropertyValueSpecification","valueRequired":true,"valueName":"search_term_string"}}],"inLanguage":"es"},{"@type":"Organization","@id":"https:\/\/b-s-germany.de\/es\/#organization","name":"b+s germany - the next level of coil processing | Burghardt + Schmidt","url":"https:\/\/b-s-germany.de\/es\/","logo":{"@type":"ImageObject","inLanguage":"es","@id":"https:\/\/b-s-germany.de\/es\/#\/schema\/logo\/image\/","url":"https:\/\/b-s-germany.de\/wp-content\/uploads\/2024\/04\/b-s-group_content_logo-burghardt-schmidt.png","contentUrl":"https:\/\/b-s-germany.de\/wp-content\/uploads\/2024\/04\/b-s-group_content_logo-burghardt-schmidt.png","width":800,"height":162,"caption":"b+s germany - the next level of coil processing | Burghardt + Schmidt"},"image":{"@id":"https:\/\/b-s-germany.de\/es\/#\/schema\/logo\/image\/"}}]}},"_links":{"self":[{"href":"https:\/\/b-s-germany.de\/es\/wp-json\/wp\/v2\/pages\/7943","targetHints":{"allow":["GET"]}}],"collection":[{"href":"https:\/\/b-s-germany.de\/es\/wp-json\/wp\/v2\/pages"}],"about":[{"href":"https:\/\/b-s-germany.de\/es\/wp-json\/wp\/v2\/types\/page"}],"author":[{"embeddable":true,"href":"https:\/\/b-s-germany.de\/es\/wp-json\/wp\/v2\/users\/4"}],"replies":[{"embeddable":true,"href":"https:\/\/b-s-germany.de\/es\/wp-json\/wp\/v2\/comments?post=7943"}],"version-history":[{"count":2,"href":"https:\/\/b-s-germany.de\/es\/wp-json\/wp\/v2\/pages\/7943\/revisions"}],"predecessor-version":[{"id":7945,"href":"https:\/\/b-s-germany.de\/es\/wp-json\/wp\/v2\/pages\/7943\/revisions\/7945"}],"wp:attachment":[{"href":"https:\/\/b-s-germany.de\/es\/wp-json\/wp\/v2\/media?parent=7943"}],"wp:term":[{"taxonomy":"dipi_cpt_category","embeddable":true,"href":"https:\/\/b-s-germany.de\/es\/wp-json\/wp\/v2\/dipi_cpt_category?post=7943"}],"curies":[{"name":"wp","href":"https:\/\/api.w.org\/{rel}","templated":true}]}}