{"id":7833,"date":"2024-03-26T09:40:35","date_gmt":"2024-03-26T08:40:35","guid":{"rendered":"https:\/\/b-s-germany.de\/productos\/"},"modified":"2025-03-14T18:09:02","modified_gmt":"2025-03-14T17:09:02","slug":"productos","status":"publish","type":"page","link":"https:\/\/b-s-germany.de\/es\/productos\/","title":{"rendered":"Productos"},"content":{"rendered":"<p>[et_pb_section fb_built=\u00bb1&#8243; next_background_color=\u00bb#F2F3F3&#8243; admin_label=\u00bbsection\u00bb _builder_version=\u00bb4.21.0&#8243; _module_preset=\u00bbdefault\u00bb background_color=\u00bb#FFFFFF\u00bb use_background_color_gradient=\u00bbon\u00bb background_color_gradient_direction=\u00bb172deg\u00bb background_color_gradient_stops=\u00bb#454754 0%|#7d8386 99%\u00bb background_color_gradient_overlays_image=\u00bbon\u00bb background_image=\u00bbhttps:\/\/b-s-germany.de\/wp-content\/uploads\/2024\/04\/b-s-group_content_headerfoto-maschine-001.jpg\u00bb background_blend=\u00bbmultiply\u00bb custom_padding=\u00bb85px||193px||false|false\u00bb bottom_divider_style=\u00bbarrow2&#8243; global_colors_info=\u00bb{}\u00bb][et_pb_row _builder_version=\u00bb4.16&#8243; _module_preset=\u00bbdefault\u00bb custom_padding=\u00bb22px||50px||false|false\u00bb scroll_vertical_motion_enable=\u00bbon\u00bb scroll_vertical_motion=\u00bb0|90|90|100|0|0|0.5&#8243; scroll_fade_enable=\u00bbon\u00bb scroll_fade=\u00bb0|90|90|100|100%|100%|0%\u00bb global_colors_info=\u00bb{}\u00bb][et_pb_column type=\u00bb4_4&#8243; _builder_version=\u00bb4.16&#8243; _module_preset=\u00bbdefault\u00bb global_colors_info=\u00bb{}\u00bb][et_pb_text _builder_version=\u00bb4.24.2&#8243; _module_preset=\u00bb0be9d861-8a8e-4bc1-8420-b49fd7067f85&#8243; header_text_align=\u00bbcenter\u00bb header_text_color=\u00bb#ffffff\u00bb header_font_size=\u00bb60px\u00bb custom_margin=\u00bb||10px||false|false\u00bb header_font_size_tablet=\u00bb50px\u00bb header_font_size_phone=\u00bb40px\u00bb header_font_size_last_edited=\u00bbon|desktop\u00bb global_colors_info=\u00bb{}\u00bb]<\/p>\n<h1>Productos<\/h1>\n<p>[\/et_pb_text][et_pb_divider divider_weight=\u00bb2px\u00bb _builder_version=\u00bb4.21.0&#8243; _module_preset=\u00bbdefault\u00bb width=\u00bb10%\u00bb module_alignment=\u00bbcenter\u00bb custom_margin=\u00bb25px||25px||true|false\u00bb global_colors_info=\u00bb{}\u00bb][\/et_pb_divider][\/et_pb_column][\/et_pb_row][\/et_pb_section][et_pb_section fb_built=\u00bb1&#8243; custom_padding_last_edited=\u00bbon|phone\u00bb _builder_version=\u00bb4.24.2&#8243; _module_preset=\u00bbdefault\u00bb background_color=\u00bb#F2F3F3&#8243; z_index=\u00bb999&#8243; custom_padding=\u00bb2px||70px||false|false\u00bb custom_padding_tablet=\u00bb||40px||false|false\u00bb custom_padding_phone=\u00bb||30px||false|false\u00bb global_colors_info=\u00bb{}\u00bb][et_pb_row column_structure=\u00bb1_2,1_2&#8243; use_custom_gutter=\u00bbon\u00bb gutter_width=\u00bb1&#8243; make_equal=\u00bbon\u00bb custom_padding_last_edited=\u00bbon|phone\u00bb _builder_version=\u00bb4.25.0&#8243; _module_preset=\u00bbdefault\u00bb background_color=\u00bb#ffffff\u00bb width_tablet=\u00bb90%\u00bb width_phone=\u00bb100%\u00bb width_last_edited=\u00bbon|phone\u00bb custom_margin=\u00bb-200px||50px||false|false\u00bb custom_margin_tablet=\u00bb\u00bb custom_margin_phone=\u00bb\u00bb custom_margin_last_edited=\u00bbon|tablet\u00bb custom_padding=\u00bb0px|0px|0px||false|false\u00bb custom_padding_tablet=\u00bb0px||0px||false|false\u00bb custom_padding_phone=\u00bb\u00bb animation_style=\u00bbslide\u00bb animation_direction=\u00bbbottom\u00bb animation_delay=\u00bb200ms\u00bb animation_intensity_slide=\u00bb2%\u00bb animation_starting_opacity=\u00bb100%\u00bb box_shadow_style=\u00bbpreset1&#8243; box_shadow_blur=\u00bb70px\u00bb box_shadow_spread=\u00bb-40px\u00bb global_colors_info=\u00bb{}\u00bb][et_pb_column type=\u00bb1_2&#8243; _builder_version=\u00bb4.25.0&#8243; _module_preset=\u00bbdefault\u00bb background_enable_image=\u00bboff\u00bb custom_padding=\u00bb60px|40px|60px|3.5vw|false|false\u00bb custom_padding_tablet=\u00bb50px|40px|50px|40px|true|true\u00bb custom_padding_phone=\u00bb|30px||30px|true|true\u00bb custom_padding_last_edited=\u00bbon|tablet\u00bb global_colors_info=\u00bb{}\u00bb][et_pb_text _builder_version=\u00bb4.24.2&#8243; _module_preset=\u00bb_initial\u00bb custom_margin=\u00bb||19px||false|false\u00bb header_2_font_size_tablet=\u00bb40px\u00bb header_2_font_size_phone=\u00bb30px\u00bb global_colors_info=\u00bb{}\u00bb]<\/p>\n<h2>Nuestras instalaciones<\/h2>\n<p>[\/et_pb_text][et_pb_text _builder_version=\u00bb4.25.0&#8243; _module_preset=\u00bb0be9d861-8a8e-4bc1-8420-b49fd7067f85&#8243; link_text_color=\u00bb#7D8386&#8243; custom_margin=\u00bb||8px||false|false\u00bb global_colors_info=\u00bb{}\u00bb link_text_color__hover_enabled=\u00bbon|hover\u00bb link_text_color__hover=\u00bb#B51F2A\u00bb]<\/p>\n<ul>\n<li><a href=\"https:\/\/b-s-germany.de\/es\/productos\/nuestros-sistemas\/lineas-de-corte-longitudinal\/\">L\u00edneas de corte longitudinal<\/a><\/li>\n<li><a href=\"https:\/\/b-s-germany.de\/es\/productos\/nuestros-sistemas\/lineas-de-empaquetado\/\">L\u00edneas de empaquetado<\/a><\/li>\n<li><a href=\"https:\/\/b-s-germany.de\/es\/productos\/nuestros-sistemas\/lineas-de-aplanado-bajo-tension\/\">L\u00edneas de aplanado bajo tensi\u00f3n<\/a><\/li>\n<li><a href=\"https:\/\/b-s-germany.de\/es\/productos\/nuestros-sistemas\/lineas-de-corte-transversal\/\">L\u00edneas de corte transversal<\/a><\/li>\n<li><a href=\"https:\/\/b-s-germany.de\/es\/productos\/nuestros-sistemas\/lineas-multiblanking\/\">L\u00edneas multiblanking<\/a><\/li>\n<li><a href=\"https:\/\/b-s-germany.de\/es\/productos\/nuestros-sistemas\/bobinadoras-transversales\/\">Bobinadoras transversales<\/a><\/li>\n<li><a href=\"https:\/\/b-s-germany.de\/es\/productos\/nuestros-sistemas\/lineas-de-procesamiento-de-bobinas\/\">L\u00edneas de procesamiento de bobinas<\/a><\/li>\n<\/ul>\n<p>[\/et_pb_text][et_pb_button button_url=\u00bb@ET-DC@eyJkeW5hbWljIjp0cnVlLCJjb250ZW50IjoicG9zdF9saW5rX3VybF9wYWdlIiwic2V0dGluZ3MiOnsicG9zdF9pZCI6IjczIn19@\u00bb button_text=\u00bbNuestras instalaciones\u00bb _builder_version=\u00bb4.25.0&#8243; _dynamic_attributes=\u00bbbutton_url\u00bb _module_preset=\u00bbdefault\u00bb global_colors_info=\u00bb{}\u00bb][\/et_pb_button][\/et_pb_column][et_pb_column type=\u00bb1_2&#8243; _builder_version=\u00bb4.24.3&#8243; _module_preset=\u00bbdefault\u00bb background_image=\u00bbhttps:\/\/b-s-germany.de\/wp-content\/uploads\/2024\/04\/b-s-germany_content_home_slider-002.jpg\u00bb custom_padding=\u00bb|0px|0px|0px|false|false\u00bb global_colors_info=\u00bb{}\u00bb]<\/p>\n<p>[et_pb_divider show_divider=\u00bboff\u00bb _builder_version=\u00bb4.21.0&#8243; _module_preset=\u00bbdefault\u00bb min_height=\u00bb300px\u00bb global_colors_info=\u00bb{}\u00bb][\/et_pb_divider]<\/p>\n<p>[\/et_pb_column][\/et_pb_row][et_pb_row column_structure=\u00bb1_2,1_2&#8243; use_custom_gutter=\u00bbon\u00bb gutter_width=\u00bb1&#8243; make_equal=\u00bbon\u00bb custom_padding_last_edited=\u00bbon|phone\u00bb _builder_version=\u00bb4.25.0&#8243; _module_preset=\u00bbdefault\u00bb background_color=\u00bb#ffffff\u00bb width_tablet=\u00bb90%\u00bb width_phone=\u00bb100%\u00bb width_last_edited=\u00bbon|phone\u00bb custom_margin=\u00bb||50px||false|false\u00bb custom_margin_last_edited=\u00bboff|desktop\u00bb custom_padding=\u00bb0px|0px|0px||false|false\u00bb custom_padding_tablet=\u00bb0px||0px||false|false\u00bb custom_padding_phone=\u00bb\u00bb animation_style=\u00bbslide\u00bb animation_direction=\u00bbbottom\u00bb animation_delay=\u00bb200ms\u00bb animation_intensity_slide=\u00bb2%\u00bb animation_starting_opacity=\u00bb100%\u00bb box_shadow_style=\u00bbpreset1&#8243; box_shadow_blur=\u00bb70px\u00bb box_shadow_spread=\u00bb-40px\u00bb global_colors_info=\u00bb{}\u00bb custom_margin__hover_enabled=\u00bboff|desktop\u00bb custom_css_main_element_last_edited=\u00bbon|tablet\u00bb custom_css_main_element_tablet=\u00bbdisplay: flex;||flex-direction:column-reverse;\u00bb custom_css_main_element_phone=\u00bbdisplay: flex;||flex-direction:column-reverse;\u00bb][et_pb_column type=\u00bb1_2&#8243; _builder_version=\u00bb4.25.0&#8243; _module_preset=\u00bbdefault\u00bb background_image=\u00bbhttps:\/\/b-s-germany.de\/wp-content\/uploads\/2024\/04\/b-s-germany_content_richtmaschine_slider-001.jpg\u00bb custom_padding=\u00bb|0px|0px|0px|false|false\u00bb global_colors_info=\u00bb{}\u00bb]<\/p>\n<p>[et_pb_divider show_divider=\u00bboff\u00bb _builder_version=\u00bb4.21.0&#8243; _module_preset=\u00bbdefault\u00bb min_height=\u00bb300px\u00bb global_colors_info=\u00bb{}\u00bb][\/et_pb_divider]<\/p>\n<p>[\/et_pb_column][et_pb_column type=\u00bb1_2&#8243; _builder_version=\u00bb4.25.0&#8243; _module_preset=\u00bbdefault\u00bb custom_padding=\u00bb60px|40px|60px|3.5vw|false|false\u00bb custom_padding_tablet=\u00bb50px|40px|50px|40px|true|true\u00bb custom_padding_phone=\u00bb|30px||30px|true|true\u00bb custom_padding_last_edited=\u00bbon|tablet\u00bb global_colors_info=\u00bb{}\u00bb][et_pb_text _builder_version=\u00bb4.25.0&#8243; _module_preset=\u00bb0be9d861-8a8e-4bc1-8420-b49fd7067f85&#8243; custom_margin=\u00bb||19px||false|false\u00bb header_2_font_size_tablet=\u00bb40px\u00bb header_2_font_size_phone=\u00bb30px\u00bb global_colors_info=\u00bb{}\u00bb]<\/p>\n<h2>Nuestras m\u00e1quinas y ayudas individuales<\/h2>\n<p>[\/et_pb_text][et_pb_text _builder_version=\u00bb4.25.1&#8243; _module_preset=\u00bb0be9d861-8a8e-4bc1-8420-b49fd7067f85&#8243; link_text_color=\u00bb#7D8386&#8243; custom_margin=\u00bb||8px||false|false\u00bb hover_enabled=\u00bb0&#8243; global_colors_info=\u00bb{}\u00bb link_text_color__hover_enabled=\u00bbon|hover\u00bb link_text_color__hover=\u00bb#B51F2A\u00bb sticky_enabled=\u00bb0&#8243;]<\/p>\n<ul>\n<li><a href=\"https:\/\/b-s-germany.de\/es\/productos\/maquinas-y-accesorios-individuales\/aplanadoras\/\">Aplanadoras<\/a><\/li>\n<li><a href=\"https:\/\/b-s-germany.de\/es\/productos\/maquinas-y-accesorios-individuales\/ep-100-dispositivo-de-medicion-de-rebabas\/\">EP 100+ Dispositivo de medici\u00f3n de rebabas<\/a><\/li>\n<li><a href=\"https:\/\/b-s-germany.de\/es\/productos\/maquinas-y-accesorios-individuales\/sistemas-de-enrollado-y-desenrollado\/\">Sistemas de enrollado y desenrollado<\/a><\/li>\n<li><a href=\"https:\/\/b-s-germany.de\/es\/productos\/maquinas-y-accesorios-individuales\/sistemas-de-eliminacion-de-chatarra\/\">Sistemas de eliminaci\u00f3n de chatarra<\/a><\/li>\n<li><a href=\"https:\/\/b-s-germany.de\/es\/productos\/maquinas-y-accesorios-individuales\/carro-elevador-de-bobinas\/\">Carro elevador de bobinas<\/a><\/li>\n<li><a href=\"https:\/\/b-s-germany.de\/es\/productos\/maquinas-y-accesorios-individuales\/sistemas-de-cambio-de-herramientas\/\">Sistemas de cambio de herramientas<\/a><\/li>\n<li><a href=\"https:\/\/b-s-germany.de\/es\/productos\/maquinas-y-accesorios-individuales\/cizalla-de-corte-longitudinal\/\">Cizalla de corte longitudinal<\/a><\/li>\n<\/ul>\n<p>[\/et_pb_text][et_pb_button button_url=\u00bb@ET-DC@eyJkeW5hbWljIjp0cnVlLCJjb250ZW50IjoicG9zdF9saW5rX3VybF9wYWdlIiwic2V0dGluZ3MiOnsicG9zdF9pZCI6IjkxIn19@\u00bb button_text=\u00bbA las m\u00e1quinas individuales\u00bb _builder_version=\u00bb4.25.1&#8243; _dynamic_attributes=\u00bbbutton_url\u00bb _module_preset=\u00bbdefault\u00bb hover_enabled=\u00bb0&#8243; global_colors_info=\u00bb{}\u00bb sticky_enabled=\u00bb0&#8243;][\/et_pb_button][\/et_pb_column][\/et_pb_row][\/et_pb_section][et_pb_section fb_built=\u00bb1&#8243; custom_padding_last_edited=\u00bbon|phone\u00bb _builder_version=\u00bb4.24.2&#8243; _module_preset=\u00bbdefault\u00bb background_color=\u00bb#F2F3F3&#8243; custom_padding=\u00bb30px|||||\u00bb custom_padding_tablet=\u00bb0px||||false|false\u00bb custom_padding_phone=\u00bb0px||||false|false\u00bb global_colors_info=\u00bb{}\u00bb][et_pb_row column_structure=\u00bb1_3,1_3,1_3&#8243; use_custom_gutter=\u00bbon\u00bb gutter_width=\u00bb2&#8243; make_equal=\u00bbon\u00bb _builder_version=\u00bb4.24.2&#8243; _module_preset=\u00bbdefault\u00bb custom_padding=\u00bb4px||3px|||\u00bb global_colors_info=\u00bb{}\u00bb][et_pb_column type=\u00bb1_3&#8243; _builder_version=\u00bb4.24.2&#8243; _module_preset=\u00bbdefault\u00bb global_colors_info=\u00bb{}\u00bb][et_pb_text _builder_version=\u00bb4.24.2&#8243; _module_preset=\u00bb_initial\u00bb global_colors_info=\u00bb{}\u00bb]<\/p>\n<h2>El b+s group<\/h2>\n<p>El b+s group ampl\u00eda la gama de productos existente de BURGHARDT+SCHMIDT con los productos de SCHNUTZ GmbH y b+s AUTOMATION GmbH en el campo de las Aplanadoras, l\u00edneas de alimentaci\u00f3n de banda y tecnolog\u00eda de automatizaci\u00f3n.<\/p>\n<p>[\/et_pb_text][\/et_pb_column][et_pb_column type=\u00bb1_3&#8243; _builder_version=\u00bb4.24.2&#8243; _module_preset=\u00bbdefault\u00bb background_color=\u00bb#454754&#8243; custom_padding=\u00bb40px|40px|40px|40px|true|true\u00bb link_option_url=\u00bbhttps:\/\/www.b-s-automation.com\/eng\/startpage-bs-automation-com\/\u00bb global_colors_info=\u00bb{}\u00bb background__hover_enabled=\u00bbon|hover\u00bb background_color__hover=\u00bb#7D8386&#8243; background_enable_color__hover=\u00bbon\u00bb transform_styles__hover_enabled=\u00bbon|hover\u00bb transform_scale__hover_enabled=\u00bbon|hover\u00bb transform_translate__hover_enabled=\u00bbon|desktop\u00bb transform_rotate__hover_enabled=\u00bbon|desktop\u00bb transform_skew__hover_enabled=\u00bbon|desktop\u00bb transform_origin__hover_enabled=\u00bbon|desktop\u00bb transform_scale__hover=\u00bb103%|103%\u00bb][et_pb_image src=\u00bbhttps:\/\/b-s-germany.de\/wp-content\/uploads\/2024\/04\/b-s-germany_content_logo-b-s-automation-weis.png\u00bb alt=\u00bbb+s automation &#8211; Logotipo\u00bb title_text=\u00bbb+s automation &#8211; Logotipo\u00bb _builder_version=\u00bb4.24.2&#8243; _module_preset=\u00bbdefault\u00bb module_alignment=\u00bbleft\u00bb custom_margin=\u00bb||30px||false|false\u00bb global_colors_info=\u00bb{}\u00bb][\/et_pb_image][et_pb_text _builder_version=\u00bb4.24.2&#8243; _module_preset=\u00bb7df975c4-698b-46ae-b1c9-392c501d20d1&#8243; global_colors_info=\u00bb{}\u00bb]<\/p>\n<p>Tecnolog\u00eda de automatizaci\u00f3n con experiencia en procesos integrados para l\u00edneas de procesamiento de bobinas.<\/p>\n<p>[\/et_pb_text][et_pb_button button_url=\u00bbhttps:\/\/www.b-s-automation.com\/eng\/startpage-bs-automation-com\/\u00bb url_new_window=\u00bbon\u00bb button_text=\u00bbb-s-automation.com\u00bb _builder_version=\u00bb4.24.3&#8243; _module_preset=\u00bbdefault\u00bb button_font=\u00bb|600|||||||\u00bb button_use_icon=\u00bbon\u00bb button_icon=\u00bb&#xe07e;||divi||400&#8243; button_on_hover=\u00bboff\u00bb global_colors_info=\u00bb{}\u00bb][\/et_pb_button][\/et_pb_column][et_pb_column type=\u00bb1_3&#8243; _builder_version=\u00bb4.24.2&#8243; _module_preset=\u00bbdefault\u00bb background_color=\u00bb#454754&#8243; custom_padding=\u00bb40px|40px|40px|40px|true|true\u00bb link_option_url=\u00bbhttps:\/\/schnutz.com\/eng\/we-are-schnutz-gmbh-the-next-level-of-coil-processing-bs-group\/\u00bb global_colors_info=\u00bb{}\u00bb background__hover_enabled=\u00bbon|desktop\u00bb background_color__hover=\u00bb#005CA9&#8243; background_enable_color__hover=\u00bbon\u00bb transform_styles__hover_enabled=\u00bbon|hover\u00bb transform_scale__hover_enabled=\u00bbon|hover\u00bb transform_translate__hover_enabled=\u00bbon|desktop\u00bb transform_rotate__hover_enabled=\u00bbon|desktop\u00bb transform_skew__hover_enabled=\u00bbon|desktop\u00bb transform_origin__hover_enabled=\u00bbon|desktop\u00bb transform_scale__hover=\u00bb103%|103%\u00bb][et_pb_image src=\u00bbhttps:\/\/b-s-germany.de\/wp-content\/uploads\/2024\/04\/b-s-germany_content_logo-schnutz-weis.png\u00bb alt=\u00bbSCHNUTZ &#8211; Logotipo\u00bb title_text=\u00bbSCHNUTZ &#8211; Logotipo\u00bb _builder_version=\u00bb4.24.2&#8243; _module_preset=\u00bbdefault\u00bb module_alignment=\u00bbcenter\u00bb custom_padding=\u00bb6px||7px||false|false\u00bb global_colors_info=\u00bb{}\u00bb][\/et_pb_image][et_pb_text _builder_version=\u00bb4.24.2&#8243; _module_preset=\u00bb7df975c4-698b-46ae-b1c9-392c501d20d1&#8243; global_colors_info=\u00bb{}\u00bb]<\/p>\n<p>Nuestras Aplanadoras y sistemas de alimentaci\u00f3n de bandas se dise\u00f1an seg\u00fan los requisitos del cliente.<\/p>\n<p>[\/et_pb_text][et_pb_button button_url=\u00bbhttps:\/\/schnutz.com\/eng\/we-are-schnutz-gmbh-the-next-level-of-coil-processing-bs-group\/\u00bb url_new_window=\u00bbon\u00bb button_text=\u00bbschnutz.com\u00bb _builder_version=\u00bb4.24.3&#8243; _module_preset=\u00bbdefault\u00bb button_font=\u00bb|600|||||||\u00bb button_use_icon=\u00bbon\u00bb button_icon=\u00bb&#xe07e;||divi||400&#8243; button_on_hover=\u00bboff\u00bb global_colors_info=\u00bb{}\u00bb][\/et_pb_button][\/et_pb_column][\/et_pb_row][\/et_pb_section]<\/p>\n","protected":false},"excerpt":{"rendered":"<p>ProductosNuestras instalaciones L\u00edneas de corte longitudinal L\u00edneas de empaquetado L\u00edneas de aplanado bajo tensi\u00f3n L\u00edneas de corte transversal L\u00edneas multiblanking Bobinadoras transversales L\u00edneas de procesamiento de bobinas Nuestras m\u00e1quinas y ayudas individuales Aplanadoras EP 100+ Dispositivo de medici\u00f3n de rebabas Sistemas de enrollado y desenrollado Sistemas de eliminaci\u00f3n de chatarra Carro elevador de bobinas Sistemas [&hellip;]<\/p>\n","protected":false},"author":4,"featured_media":0,"parent":0,"menu_order":30,"comment_status":"closed","ping_status":"closed","template":"","meta":{"_et_pb_use_builder":"on","_et_pb_old_content":"","_et_gb_content_width":"","footnotes":""},"dipi_cpt_category":[],"class_list":["post-7833","page","type-page","status-publish","hentry"],"yoast_head":"<!-- This site is optimized with the Yoast SEO plugin v27.4 - https:\/\/yoast.com\/product\/yoast-seo-wordpress\/ -->\n<title>Productos - b+s germany<\/title>\n<meta name=\"robots\" content=\"index, follow, max-snippet:-1, max-image-preview:large, max-video-preview:-1\" \/>\n<link rel=\"canonical\" href=\"https:\/\/b-s-germany.de\/es\/productos\/\" \/>\n<meta property=\"og:locale\" content=\"es_ES\" \/>\n<meta property=\"og:type\" content=\"article\" \/>\n<meta property=\"og:title\" content=\"Productos - b+s germany\" \/>\n<meta property=\"og:description\" content=\"ProductosNuestras instalaciones L\u00edneas de corte longitudinal L\u00edneas de empaquetado L\u00edneas de aplanado bajo tensi\u00f3n L\u00edneas de corte transversal L\u00edneas multiblanking Bobinadoras transversales L\u00edneas de procesamiento de bobinas Nuestras m\u00e1quinas y ayudas individuales Aplanadoras EP 100+ Dispositivo de medici\u00f3n de rebabas Sistemas de enrollado y desenrollado Sistemas de eliminaci\u00f3n de chatarra Carro elevador de bobinas Sistemas [&hellip;]\" \/>\n<meta property=\"og:url\" content=\"https:\/\/b-s-germany.de\/es\/productos\/\" \/>\n<meta property=\"og:site_name\" content=\"b+s germany\" \/>\n<meta property=\"article:modified_time\" content=\"2025-03-14T17:09:02+00:00\" \/>\n<meta name=\"twitter:card\" content=\"summary_large_image\" \/>\n<meta name=\"twitter:label1\" content=\"Tiempo de lectura\" \/>\n\t<meta name=\"twitter:data1\" content=\"8 minutos\" \/>\n<script type=\"application\/ld+json\" class=\"yoast-schema-graph\">{\"@context\":\"https:\\\/\\\/schema.org\",\"@graph\":[{\"@type\":\"WebPage\",\"@id\":\"https:\\\/\\\/b-s-germany.de\\\/es\\\/productos\\\/\",\"url\":\"https:\\\/\\\/b-s-germany.de\\\/es\\\/productos\\\/\",\"name\":\"Productos - b+s germany\",\"isPartOf\":{\"@id\":\"https:\\\/\\\/b-s-germany.de\\\/es\\\/#website\"},\"datePublished\":\"2024-03-26T08:40:35+00:00\",\"dateModified\":\"2025-03-14T17:09:02+00:00\",\"breadcrumb\":{\"@id\":\"https:\\\/\\\/b-s-germany.de\\\/es\\\/productos\\\/#breadcrumb\"},\"inLanguage\":\"es\",\"potentialAction\":[{\"@type\":\"ReadAction\",\"target\":[\"https:\\\/\\\/b-s-germany.de\\\/es\\\/productos\\\/\"]}]},{\"@type\":\"BreadcrumbList\",\"@id\":\"https:\\\/\\\/b-s-germany.de\\\/es\\\/productos\\\/#breadcrumb\",\"itemListElement\":[{\"@type\":\"ListItem\",\"position\":1,\"name\":\"Startseite\",\"item\":\"https:\\\/\\\/b-s-germany.de\\\/es\\\/\"},{\"@type\":\"ListItem\",\"position\":2,\"name\":\"Productos\"}]},{\"@type\":\"WebSite\",\"@id\":\"https:\\\/\\\/b-s-germany.de\\\/es\\\/#website\",\"url\":\"https:\\\/\\\/b-s-germany.de\\\/es\\\/\",\"name\":\"b+s germany - the next level of coil processing | Burghardt + Schmidt\",\"description\":\"the next level of coil processing | Burghardt + Schmidt\",\"publisher\":{\"@id\":\"https:\\\/\\\/b-s-germany.de\\\/es\\\/#organization\"},\"potentialAction\":[{\"@type\":\"SearchAction\",\"target\":{\"@type\":\"EntryPoint\",\"urlTemplate\":\"https:\\\/\\\/b-s-germany.de\\\/es\\\/?s={search_term_string}\"},\"query-input\":{\"@type\":\"PropertyValueSpecification\",\"valueRequired\":true,\"valueName\":\"search_term_string\"}}],\"inLanguage\":\"es\"},{\"@type\":\"Organization\",\"@id\":\"https:\\\/\\\/b-s-germany.de\\\/es\\\/#organization\",\"name\":\"b+s germany - the next level of coil processing | Burghardt + Schmidt\",\"url\":\"https:\\\/\\\/b-s-germany.de\\\/es\\\/\",\"logo\":{\"@type\":\"ImageObject\",\"inLanguage\":\"es\",\"@id\":\"https:\\\/\\\/b-s-germany.de\\\/es\\\/#\\\/schema\\\/logo\\\/image\\\/\",\"url\":\"https:\\\/\\\/b-s-germany.de\\\/wp-content\\\/uploads\\\/2024\\\/04\\\/b-s-group_content_logo-burghardt-schmidt.png\",\"contentUrl\":\"https:\\\/\\\/b-s-germany.de\\\/wp-content\\\/uploads\\\/2024\\\/04\\\/b-s-group_content_logo-burghardt-schmidt.png\",\"width\":800,\"height\":162,\"caption\":\"b+s germany - the next level of coil processing | Burghardt + Schmidt\"},\"image\":{\"@id\":\"https:\\\/\\\/b-s-germany.de\\\/es\\\/#\\\/schema\\\/logo\\\/image\\\/\"}}]}<\/script>\n<!-- \/ Yoast SEO plugin. -->","yoast_head_json":{"title":"Productos - b+s germany","robots":{"index":"index","follow":"follow","max-snippet":"max-snippet:-1","max-image-preview":"max-image-preview:large","max-video-preview":"max-video-preview:-1"},"canonical":"https:\/\/b-s-germany.de\/es\/productos\/","og_locale":"es_ES","og_type":"article","og_title":"Productos - b+s germany","og_description":"ProductosNuestras instalaciones L\u00edneas de corte longitudinal L\u00edneas de empaquetado L\u00edneas de aplanado bajo tensi\u00f3n L\u00edneas de corte transversal L\u00edneas multiblanking Bobinadoras transversales L\u00edneas de procesamiento de bobinas Nuestras m\u00e1quinas y ayudas individuales Aplanadoras EP 100+ Dispositivo de medici\u00f3n de rebabas Sistemas de enrollado y desenrollado Sistemas de eliminaci\u00f3n de chatarra Carro elevador de bobinas Sistemas [&hellip;]","og_url":"https:\/\/b-s-germany.de\/es\/productos\/","og_site_name":"b+s germany","article_modified_time":"2025-03-14T17:09:02+00:00","twitter_card":"summary_large_image","twitter_misc":{"Tiempo de lectura":"8 minutos"},"schema":{"@context":"https:\/\/schema.org","@graph":[{"@type":"WebPage","@id":"https:\/\/b-s-germany.de\/es\/productos\/","url":"https:\/\/b-s-germany.de\/es\/productos\/","name":"Productos - b+s germany","isPartOf":{"@id":"https:\/\/b-s-germany.de\/es\/#website"},"datePublished":"2024-03-26T08:40:35+00:00","dateModified":"2025-03-14T17:09:02+00:00","breadcrumb":{"@id":"https:\/\/b-s-germany.de\/es\/productos\/#breadcrumb"},"inLanguage":"es","potentialAction":[{"@type":"ReadAction","target":["https:\/\/b-s-germany.de\/es\/productos\/"]}]},{"@type":"BreadcrumbList","@id":"https:\/\/b-s-germany.de\/es\/productos\/#breadcrumb","itemListElement":[{"@type":"ListItem","position":1,"name":"Startseite","item":"https:\/\/b-s-germany.de\/es\/"},{"@type":"ListItem","position":2,"name":"Productos"}]},{"@type":"WebSite","@id":"https:\/\/b-s-germany.de\/es\/#website","url":"https:\/\/b-s-germany.de\/es\/","name":"b+s germany - the next level of coil processing | Burghardt + Schmidt","description":"the next level of coil processing | Burghardt + Schmidt","publisher":{"@id":"https:\/\/b-s-germany.de\/es\/#organization"},"potentialAction":[{"@type":"SearchAction","target":{"@type":"EntryPoint","urlTemplate":"https:\/\/b-s-germany.de\/es\/?s={search_term_string}"},"query-input":{"@type":"PropertyValueSpecification","valueRequired":true,"valueName":"search_term_string"}}],"inLanguage":"es"},{"@type":"Organization","@id":"https:\/\/b-s-germany.de\/es\/#organization","name":"b+s germany - the next level of coil processing | Burghardt + Schmidt","url":"https:\/\/b-s-germany.de\/es\/","logo":{"@type":"ImageObject","inLanguage":"es","@id":"https:\/\/b-s-germany.de\/es\/#\/schema\/logo\/image\/","url":"https:\/\/b-s-germany.de\/wp-content\/uploads\/2024\/04\/b-s-group_content_logo-burghardt-schmidt.png","contentUrl":"https:\/\/b-s-germany.de\/wp-content\/uploads\/2024\/04\/b-s-group_content_logo-burghardt-schmidt.png","width":800,"height":162,"caption":"b+s germany - the next level of coil processing | Burghardt + Schmidt"},"image":{"@id":"https:\/\/b-s-germany.de\/es\/#\/schema\/logo\/image\/"}}]}},"_links":{"self":[{"href":"https:\/\/b-s-germany.de\/es\/wp-json\/wp\/v2\/pages\/7833","targetHints":{"allow":["GET"]}}],"collection":[{"href":"https:\/\/b-s-germany.de\/es\/wp-json\/wp\/v2\/pages"}],"about":[{"href":"https:\/\/b-s-germany.de\/es\/wp-json\/wp\/v2\/types\/page"}],"author":[{"embeddable":true,"href":"https:\/\/b-s-germany.de\/es\/wp-json\/wp\/v2\/users\/4"}],"replies":[{"embeddable":true,"href":"https:\/\/b-s-germany.de\/es\/wp-json\/wp\/v2\/comments?post=7833"}],"version-history":[{"count":71,"href":"https:\/\/b-s-germany.de\/es\/wp-json\/wp\/v2\/pages\/7833\/revisions"}],"predecessor-version":[{"id":8370,"href":"https:\/\/b-s-germany.de\/es\/wp-json\/wp\/v2\/pages\/7833\/revisions\/8370"}],"wp:attachment":[{"href":"https:\/\/b-s-germany.de\/es\/wp-json\/wp\/v2\/media?parent=7833"}],"wp:term":[{"taxonomy":"dipi_cpt_category","embeddable":true,"href":"https:\/\/b-s-germany.de\/es\/wp-json\/wp\/v2\/dipi_cpt_category?post=7833"}],"curies":[{"name":"wp","href":"https:\/\/api.w.org\/{rel}","templated":true}]}}