{"id":7827,"date":"2025-01-17T14:32:07","date_gmt":"2025-01-17T13:32:07","guid":{"rendered":"https:\/\/b-s-germany.de\/80-anos\/"},"modified":"2025-01-24T15:20:35","modified_gmt":"2025-01-24T14:20:35","slug":"80-anos","status":"publish","type":"page","link":"https:\/\/b-s-germany.de\/es\/80-anos\/","title":{"rendered":"80 a\u00f1os"},"content":{"rendered":"<p>[et_pb_section fb_built=\u00bb1&#8243; next_background_color=\u00bb#F2F3F3&#8243; admin_label=\u00bbsection\u00bb _builder_version=\u00bb4.27.4&#8243; _module_preset=\u00bbdefault\u00bb background_color=\u00bb#FFFFFF\u00bb use_background_color_gradient=\u00bbon\u00bb background_color_gradient_direction=\u00bb172deg\u00bb background_color_gradient_stops=\u00bb#454754 0%|#7d8386 99%\u00bb background_color_gradient_overlays_image=\u00bbon\u00bb background_image=\u00bbhttps:\/\/b-s-germany.de\/wp-content\/uploads\/2024\/04\/b-s-germany_content_ueber-uns_tradition.jpg\u00bb background_blend=\u00bbmultiply\u00bb custom_padding=\u00bb85px||193px||false|false\u00bb bottom_divider_style=\u00bbarrow2&#8243; global_colors_info=\u00bb{}\u00bb][et_pb_row _builder_version=\u00bb4.27.4&#8243; _module_preset=\u00bbdefault\u00bb custom_padding=\u00bb22px||50px||false|false\u00bb scroll_vertical_motion_enable=\u00bbon\u00bb scroll_vertical_motion=\u00bb0|90|90|100|0|0|0.5&#8243; scroll_fade_enable=\u00bbon\u00bb scroll_fade=\u00bb0|90|90|100|100%|100%|0%\u00bb global_colors_info=\u00bb{}\u00bb][et_pb_column type=\u00bb4_4&#8243; _builder_version=\u00bb4.16&#8243; _module_preset=\u00bbdefault\u00bb global_colors_info=\u00bb{}\u00bb][et_pb_text _builder_version=\u00bb4.27.4&#8243; _module_preset=\u00bb0be9d861-8a8e-4bc1-8420-b49fd7067f85&#8243; header_text_align=\u00bbcenter\u00bb header_text_color=\u00bb#ffffff\u00bb header_font_size=\u00bb60px\u00bb custom_margin=\u00bb||10px||false|false\u00bb header_font_size_tablet=\u00bb50px\u00bb header_font_size_phone=\u00bb40px\u00bb header_font_size_last_edited=\u00bbon|desktop\u00bb global_colors_info=\u00bb{}\u00bb]<\/p>\n<h1>80 a\u00f1os<\/h1>\n<p>[\/et_pb_text][et_pb_divider divider_weight=\u00bb2px\u00bb _builder_version=\u00bb4.21.0&#8243; _module_preset=\u00bbdefault\u00bb width=\u00bb10%\u00bb module_alignment=\u00bbcenter\u00bb custom_margin=\u00bb25px||25px||true|false\u00bb global_colors_info=\u00bb{}\u00bb][\/et_pb_divider][\/et_pb_column][\/et_pb_row][\/et_pb_section][et_pb_section fb_built=\u00bb1&#8243; _builder_version=\u00bb4.27.4&#8243; _module_preset=\u00bbdefault\u00bb background_color=\u00bb#F2F3F3&#8243; z_index=\u00bb999&#8243; custom_padding=\u00bb2px|||||\u00bb global_colors_info=\u00bb{}\u00bb][et_pb_row column_structure=\u00bb3_5,2_5&#8243; use_custom_gutter=\u00bbon\u00bb gutter_width=\u00bb1&#8243; make_equal=\u00bbon\u00bb custom_padding_last_edited=\u00bbon|phone\u00bb _builder_version=\u00bb4.27.4&#8243; _module_preset=\u00bbdefault\u00bb background_color=\u00bb#ffffff\u00bb background_size=\u00bbcontain\u00bb width_tablet=\u00bb90%\u00bb width_phone=\u00bb100%\u00bb width_last_edited=\u00bbon|phone\u00bb custom_margin=\u00bb-200px||||false|false\u00bb custom_margin_tablet=\u00bb\u00bb custom_margin_phone=\u00bb\u00bb custom_margin_last_edited=\u00bbon|tablet\u00bb custom_padding=\u00bb0px|0px|0px||false|false\u00bb custom_padding_tablet=\u00bb0px||0px||false|false\u00bb custom_padding_phone=\u00bb\u00bb animation_style=\u00bbslide\u00bb animation_direction=\u00bbbottom\u00bb animation_delay=\u00bb200ms\u00bb animation_intensity_slide=\u00bb2%\u00bb animation_starting_opacity=\u00bb100%\u00bb box_shadow_style=\u00bbpreset1&#8243; box_shadow_blur=\u00bb70px\u00bb box_shadow_spread=\u00bb-40px\u00bb global_colors_info=\u00bb{}\u00bb][et_pb_column type=\u00bb3_5&#8243; _builder_version=\u00bb4.21.0&#8243; _module_preset=\u00bbdefault\u00bb custom_padding=\u00bb60px|40px|60px|80px|false|false\u00bb custom_padding_tablet=\u00bb50px|40px|50px|40px|true|true\u00bb custom_padding_phone=\u00bb|30px||30px|true|true\u00bb custom_padding_last_edited=\u00bbon|tablet\u00bb global_colors_info=\u00bb{}\u00bb][et_pb_text _builder_version=\u00bb4.27.4&#8243; _module_preset=\u00bb0be9d861-8a8e-4bc1-8420-b49fd7067f85&#8243; text_text_color=\u00bb#596277&#8243; custom_margin=\u00bb||19px||false|false\u00bb hover_enabled=\u00bb0&#8243; header_2_font_size_tablet=\u00bb40px\u00bb header_2_font_size_phone=\u00bb30px\u00bb global_colors_info=\u00bb{}\u00bb sticky_enabled=\u00bb0&#8243;]<\/p>\n<h2>\u00a1Burghardt + Schmidt est\u00e1 de celebraci\u00f3n!<\/h2>\n<h3>Este a\u00f1o estamos de celebraci\u00f3n por tres motivos:<\/h3>\n<p>[\/et_pb_text][et_pb_text _builder_version=\u00bb4.27.4&#8243; _module_preset=\u00bb_initial\u00bb custom_margin=\u00bb||40px||false|false\u00bb global_colors_info=\u00bb{}\u00bb]<\/p>\n<p>80 a\u00f1os de Burghardt+Schmidt,<br \/>30 a\u00f1os de gesti\u00f3n de Kunz &amp; Baral y<br \/>la finalizaci\u00f3n de nuestro nuevo edificio corporativo WERK II.<\/p>\n<p><strong>\u00a1Celebre con nosotros!<\/strong><br \/>Esperamos con ilusi\u00f3n los pr\u00f3ximos 80 a\u00f1os, llenos de nuevos desarrollos, centrados en nuestras competencias y en emocionantes proyectos con socios comerciales antiguos y nuevos.<\/p>\n<p>Por cierto, todas las m\u00e1quinas y sistemas que salgan de nuestra f\u00e1brica en 2025 llevar\u00e1n nuestro logotipo de aniversario.<\/p>\n<p>[\/et_pb_text][\/et_pb_column][et_pb_column type=\u00bb2_5&#8243; _builder_version=\u00bb4.27.4&#8243; _module_preset=\u00bbdefault\u00bb background_image=\u00bbhttps:\/\/b-s-germany.de\/wp-content\/uploads\/2025\/01\/BSG-80-Jahre-Logo-final.png\u00bb background_size=\u00bbcontain\u00bb background_position=\u00bbcenter_left\u00bb background_horizontal_offset=\u00bb30%\u00bb custom_padding=\u00bb|0px|0px|0px|false|false\u00bb global_colors_info=\u00bb{}\u00bb][et_pb_divider show_divider=\u00bboff\u00bb _builder_version=\u00bb4.21.0&#8243; _module_preset=\u00bbdefault\u00bb min_height=\u00bb300px\u00bb global_colors_info=\u00bb{}\u00bb][\/et_pb_divider][\/et_pb_column][\/et_pb_row][\/et_pb_section][et_pb_section fb_built=\u00bb1&#8243; _builder_version=\u00bb4.21.0&#8243; _module_preset=\u00bbdefault\u00bb background_color=\u00bb#F2F3F3&#8243; custom_padding=\u00bb0px|||||\u00bb global_colors_info=\u00bb{}\u00bb][et_pb_row column_structure=\u00bb1_2,1_2&#8243; _builder_version=\u00bb4.24.2&#8243; _module_preset=\u00bbdefault\u00bb global_colors_info=\u00bb{}\u00bb][et_pb_column type=\u00bb1_2&#8243; _builder_version=\u00bb4.16&#8243; _module_preset=\u00bbdefault\u00bb global_colors_info=\u00bb{}\u00bb][et_pb_blurb title=\u00bb80 a\u00f1os de historia de la empresa\u00bb use_icon=\u00bbon\u00bb font_icon=\u00bb&#xf275;||fa||900&#8243; content_max_width=\u00bb100%\u00bb icon_placement_tablet=\u00bbtop\u00bb icon_placement_phone=\u00bbtop\u00bb icon_placement_last_edited=\u00bbon|tablet\u00bb icon_alignment_tablet=\u00bbleft\u00bb icon_alignment_phone=\u00bbleft\u00bb icon_alignment_last_edited=\u00bbon|tablet\u00bb _builder_version=\u00bb4.27.4&#8243; _module_preset=\u00bbd109a67c-77bf-44ef-9a78-416aa50904cd\u00bb header_line_height=\u00bb1.6em\u00bb image_icon_custom_margin=\u00bb10px||||false|false\u00bb image_icon_custom_padding=\u00bb10px|10px|10px|10px|true|true\u00bb custom_css_blurb_title=\u00bbmargin-top: 10px;\u00bb image_max_width=\u00bb70px\u00bb global_colors_info=\u00bb{}\u00bb]<\/p>\n<p>80 a\u00f1os de Burghardt+Schmidt,<br \/>30 a\u00f1os de gesti\u00f3n de Kunz &amp; Baral y<br \/>la finalizaci\u00f3n de nuestro nuevo edificio corporativo WERK II.<\/p>\n<p><strong>\u00a1Celebre con nosotros!<\/strong><br \/>Esperamos con ilusi\u00f3n los pr\u00f3ximos 80 a\u00f1os, llenos de nuevos desarrollos, centrados en nuestras competencias y en emocionantes proyectos con socios comerciales antiguos y nuevos.<\/p>\n<p>Por cierto, todas las m\u00e1quinas y sistemas que salgan de nuestra f\u00e1brica en 2025 llevar\u00e1n nuestro logotipo de aniversario.<\/p>\n<p>[\/et_pb_blurb][\/et_pb_column][et_pb_column type=\u00bb1_2&#8243; _builder_version=\u00bb4.16&#8243; _module_preset=\u00bbdefault\u00bb global_colors_info=\u00bb{}\u00bb][et_pb_blurb title=\u00bb30 a\u00f1os de gesti\u00f3n en Kunz y Baral\u00bb use_icon=\u00bbon\u00bb font_icon=\u00bb&#xf007;||fa||900&#8243; content_max_width=\u00bb100%\u00bb icon_placement_tablet=\u00bbtop\u00bb icon_placement_phone=\u00bbtop\u00bb icon_placement_last_edited=\u00bbon|tablet\u00bb icon_alignment_tablet=\u00bbleft\u00bb icon_alignment_phone=\u00bbleft\u00bb icon_alignment_last_edited=\u00bbon|tablet\u00bb _builder_version=\u00bb4.27.4&#8243; _module_preset=\u00bbd109a67c-77bf-44ef-9a78-416aa50904cd\u00bb header_line_height=\u00bb1.4em\u00bb image_icon_custom_margin=\u00bb10px||||false|false\u00bb image_icon_custom_padding=\u00bb10px|14px|10px|14px|true|true\u00bb custom_css_blurb_title=\u00bbmargin-top: 10px;\u00bb image_max_width=\u00bb70px\u00bb global_colors_info=\u00bb{}\u00bb]Achim Kunz y Thomas Baral dirigen la empresa desde 1995. En los \u00faltimos 30 a\u00f1os, bajo su direcci\u00f3n se ha mejorado continuamente la calidad de los productos y se ha activado una amplia gama de mercados extranjeros.<\/p>\n<p>En los \u00faltimos 30 a\u00f1os se han establecido filiales en EE.UU. y China, as\u00ed como innumerables agencias en todo el mundo: un historial considerable, que incluye el \u00e9xito como \u00abL\u00edder del mercado mundial en sistemas de nivelaci\u00f3n por estirado-curvado\u00bb.[\/et_pb_blurb][\/et_pb_column][\/et_pb_row][\/et_pb_section][et_pb_section fb_built=\u00bb1&#8243; next_background_color=\u00bb#B51F2A\u00bb _builder_version=\u00bb4.25.0&#8243; _module_preset=\u00bbdefault\u00bb use_background_color_gradient=\u00bbon\u00bb background_color_gradient_stops=\u00bbrgba(69,71,84,0.9) 0%|#7d8386 99%\u00bb background_color_gradient_overlays_image=\u00bbon\u00bb background_enable_image=\u00bboff\u00bb parallax=\u00bbon\u00bb parallax_method=\u00bboff\u00bb background_blend=\u00bbmultiply\u00bb background_video_mp4=\u00bbhttps:\/\/b-s-germany.de\/wp-content\/uploads\/2024\/04\/b-s-germany_content_imagefilm-background-02.mp4&#8243; background_video_width=\u00bb100%\u00bb allow_player_pause=\u00bbon\u00bb bottom_divider_style=\u00bbarrow2&#8243; custom_css_before=\u00bb content:%22%22;||    display: block;||    position: absolute;||    top: 0;||    left: 0;||    width: 100%;||    height: 100%;||    background-color: rgba(0,0,0,0.4);||    z-index: 1;\u00bb global_colors_info=\u00bb{}\u00bb][et_pb_row _builder_version=\u00bb4.25.1&#8243; _module_preset=\u00bbdefault\u00bb z_index=\u00bb12&#8243; custom_margin=\u00bb||30px||false|false\u00bb custom_padding=\u00bb||||false|false\u00bb global_colors_info=\u00bb{}\u00bb][et_pb_column type=\u00bb4_4&#8243; _builder_version=\u00bb4.25.1&#8243; _module_preset=\u00bbdefault\u00bb global_colors_info=\u00bb{}\u00bb][et_pb_blurb title=\u00bbBurghardt + Schmidt GmbH combina calidad y tradici\u00f3n y es su socio competente y fiable para el futuro.\u00bb use_icon=\u00bbon\u00bb font_icon=\u00bb&#xe0a3;||divi||400&#8243; icon_color=\u00bb#B51F2A\u00bb content_max_width=\u00bb100%\u00bb _builder_version=\u00bb4.25.1&#8243; _module_preset=\u00bbdefault\u00bb header_level=\u00bbh3&#8243; header_text_color=\u00bb#FFFFFF\u00bb header_line_height=\u00bb1.4em\u00bb body_text_color=\u00bb#F2F3F3&#8243; text_orientation=\u00bbcenter\u00bb max_width=\u00bb980px\u00bb module_alignment=\u00bbcenter\u00bb link_option_url=\u00bbhttps:\/\/youtu.be\/jLNv_loLjhI?si=SyYLxbScrfSm99Qq\u00bb link_option_url_new_window=\u00bbon\u00bb header_font_size_tablet=\u00bb\u00bb header_font_size_phone=\u00bb20px\u00bb header_font_size_last_edited=\u00bbon|phone\u00bb global_colors_info=\u00bb{}\u00bb]<\/p>\n<p><span>Descubra el mundo de Burghardt + Schmidt y experimente de cerca nuestro trabajo profesional en nuestra pel\u00edcula de im\u00e1genes.<\/span><\/p>\n<p>[\/et_pb_blurb][et_pb_button button_url=\u00bbhttps:\/\/youtu.be\/jLNv_loLjhI?si=SyYLxbScrfSm99Qq\u00bb url_new_window=\u00bbon\u00bb button_text=\u00bbVer pel\u00edcula de im\u00e1genes\u00bb button_alignment=\u00bbcenter\u00bb _builder_version=\u00bb4.25.1&#8243; _module_preset=\u00bbdefault\u00bb global_colors_info=\u00bb{}\u00bb][\/et_pb_button][\/et_pb_column][\/et_pb_row][\/et_pb_section]<\/p>\n","protected":false},"excerpt":{"rendered":"<p>80 a\u00f1os\u00a1Burghardt + Schmidt est\u00e1 de celebraci\u00f3n! Este a\u00f1o estamos de celebraci\u00f3n por tres motivos:80 a\u00f1os de Burghardt+Schmidt,30 a\u00f1os de gesti\u00f3n de Kunz &amp; Baral yla finalizaci\u00f3n de nuestro nuevo edificio corporativo WERK II. \u00a1Celebre con nosotros!Esperamos con ilusi\u00f3n los pr\u00f3ximos 80 a\u00f1os, llenos de nuevos desarrollos, centrados en nuestras competencias y en emocionantes proyectos [&hellip;]<\/p>\n","protected":false},"author":4,"featured_media":0,"parent":0,"menu_order":15,"comment_status":"closed","ping_status":"closed","template":"","meta":{"_et_pb_use_builder":"on","_et_pb_old_content":"","_et_gb_content_width":"","footnotes":""},"dipi_cpt_category":[],"class_list":["post-7827","page","type-page","status-publish","hentry"],"yoast_head":"<!-- This site is optimized with the Yoast SEO plugin v27.4 - https:\/\/yoast.com\/product\/yoast-seo-wordpress\/ -->\n<title>80 a\u00f1os - b+s germany<\/title>\n<meta name=\"robots\" content=\"index, follow, max-snippet:-1, max-image-preview:large, max-video-preview:-1\" \/>\n<link rel=\"canonical\" href=\"https:\/\/b-s-germany.de\/es\/80-anos\/\" \/>\n<meta property=\"og:locale\" content=\"es_ES\" \/>\n<meta property=\"og:type\" content=\"article\" \/>\n<meta property=\"og:title\" content=\"80 a\u00f1os - b+s germany\" \/>\n<meta property=\"og:description\" content=\"80 a\u00f1os\u00a1Burghardt + Schmidt est\u00e1 de celebraci\u00f3n! Este a\u00f1o estamos de celebraci\u00f3n por tres motivos:80 a\u00f1os de Burghardt+Schmidt,30 a\u00f1os de gesti\u00f3n de Kunz &amp; Baral yla finalizaci\u00f3n de nuestro nuevo edificio corporativo WERK II. \u00a1Celebre con nosotros!Esperamos con ilusi\u00f3n los pr\u00f3ximos 80 a\u00f1os, llenos de nuevos desarrollos, centrados en nuestras competencias y en emocionantes proyectos [&hellip;]\" \/>\n<meta property=\"og:url\" content=\"https:\/\/b-s-germany.de\/es\/80-anos\/\" \/>\n<meta property=\"og:site_name\" content=\"b+s germany\" \/>\n<meta property=\"article:modified_time\" content=\"2025-01-24T14:20:35+00:00\" \/>\n<meta name=\"twitter:card\" content=\"summary_large_image\" \/>\n<meta name=\"twitter:label1\" content=\"Tiempo de lectura\" \/>\n\t<meta name=\"twitter:data1\" content=\"7 minutos\" \/>\n<script type=\"application\/ld+json\" class=\"yoast-schema-graph\">{\"@context\":\"https:\\\/\\\/schema.org\",\"@graph\":[{\"@type\":\"WebPage\",\"@id\":\"https:\\\/\\\/b-s-germany.de\\\/es\\\/80-anos\\\/\",\"url\":\"https:\\\/\\\/b-s-germany.de\\\/es\\\/80-anos\\\/\",\"name\":\"80 a\u00f1os - b+s germany\",\"isPartOf\":{\"@id\":\"https:\\\/\\\/b-s-germany.de\\\/es\\\/#website\"},\"datePublished\":\"2025-01-17T13:32:07+00:00\",\"dateModified\":\"2025-01-24T14:20:35+00:00\",\"breadcrumb\":{\"@id\":\"https:\\\/\\\/b-s-germany.de\\\/es\\\/80-anos\\\/#breadcrumb\"},\"inLanguage\":\"es\",\"potentialAction\":[{\"@type\":\"ReadAction\",\"target\":[\"https:\\\/\\\/b-s-germany.de\\\/es\\\/80-anos\\\/\"]}]},{\"@type\":\"BreadcrumbList\",\"@id\":\"https:\\\/\\\/b-s-germany.de\\\/es\\\/80-anos\\\/#breadcrumb\",\"itemListElement\":[{\"@type\":\"ListItem\",\"position\":1,\"name\":\"Startseite\",\"item\":\"https:\\\/\\\/b-s-germany.de\\\/es\\\/\"},{\"@type\":\"ListItem\",\"position\":2,\"name\":\"80 a\u00f1os\"}]},{\"@type\":\"WebSite\",\"@id\":\"https:\\\/\\\/b-s-germany.de\\\/es\\\/#website\",\"url\":\"https:\\\/\\\/b-s-germany.de\\\/es\\\/\",\"name\":\"b+s germany - the next level of coil processing | Burghardt + Schmidt\",\"description\":\"the next level of coil processing | Burghardt + Schmidt\",\"publisher\":{\"@id\":\"https:\\\/\\\/b-s-germany.de\\\/es\\\/#organization\"},\"potentialAction\":[{\"@type\":\"SearchAction\",\"target\":{\"@type\":\"EntryPoint\",\"urlTemplate\":\"https:\\\/\\\/b-s-germany.de\\\/es\\\/?s={search_term_string}\"},\"query-input\":{\"@type\":\"PropertyValueSpecification\",\"valueRequired\":true,\"valueName\":\"search_term_string\"}}],\"inLanguage\":\"es\"},{\"@type\":\"Organization\",\"@id\":\"https:\\\/\\\/b-s-germany.de\\\/es\\\/#organization\",\"name\":\"b+s germany - the next level of coil processing | Burghardt + Schmidt\",\"url\":\"https:\\\/\\\/b-s-germany.de\\\/es\\\/\",\"logo\":{\"@type\":\"ImageObject\",\"inLanguage\":\"es\",\"@id\":\"https:\\\/\\\/b-s-germany.de\\\/es\\\/#\\\/schema\\\/logo\\\/image\\\/\",\"url\":\"https:\\\/\\\/b-s-germany.de\\\/wp-content\\\/uploads\\\/2024\\\/04\\\/b-s-group_content_logo-burghardt-schmidt.png\",\"contentUrl\":\"https:\\\/\\\/b-s-germany.de\\\/wp-content\\\/uploads\\\/2024\\\/04\\\/b-s-group_content_logo-burghardt-schmidt.png\",\"width\":800,\"height\":162,\"caption\":\"b+s germany - the next level of coil processing | Burghardt + Schmidt\"},\"image\":{\"@id\":\"https:\\\/\\\/b-s-germany.de\\\/es\\\/#\\\/schema\\\/logo\\\/image\\\/\"}}]}<\/script>\n<!-- \/ Yoast SEO plugin. -->","yoast_head_json":{"title":"80 a\u00f1os - b+s germany","robots":{"index":"index","follow":"follow","max-snippet":"max-snippet:-1","max-image-preview":"max-image-preview:large","max-video-preview":"max-video-preview:-1"},"canonical":"https:\/\/b-s-germany.de\/es\/80-anos\/","og_locale":"es_ES","og_type":"article","og_title":"80 a\u00f1os - b+s germany","og_description":"80 a\u00f1os\u00a1Burghardt + Schmidt est\u00e1 de celebraci\u00f3n! Este a\u00f1o estamos de celebraci\u00f3n por tres motivos:80 a\u00f1os de Burghardt+Schmidt,30 a\u00f1os de gesti\u00f3n de Kunz &amp; Baral yla finalizaci\u00f3n de nuestro nuevo edificio corporativo WERK II. \u00a1Celebre con nosotros!Esperamos con ilusi\u00f3n los pr\u00f3ximos 80 a\u00f1os, llenos de nuevos desarrollos, centrados en nuestras competencias y en emocionantes proyectos [&hellip;]","og_url":"https:\/\/b-s-germany.de\/es\/80-anos\/","og_site_name":"b+s germany","article_modified_time":"2025-01-24T14:20:35+00:00","twitter_card":"summary_large_image","twitter_misc":{"Tiempo de lectura":"7 minutos"},"schema":{"@context":"https:\/\/schema.org","@graph":[{"@type":"WebPage","@id":"https:\/\/b-s-germany.de\/es\/80-anos\/","url":"https:\/\/b-s-germany.de\/es\/80-anos\/","name":"80 a\u00f1os - b+s germany","isPartOf":{"@id":"https:\/\/b-s-germany.de\/es\/#website"},"datePublished":"2025-01-17T13:32:07+00:00","dateModified":"2025-01-24T14:20:35+00:00","breadcrumb":{"@id":"https:\/\/b-s-germany.de\/es\/80-anos\/#breadcrumb"},"inLanguage":"es","potentialAction":[{"@type":"ReadAction","target":["https:\/\/b-s-germany.de\/es\/80-anos\/"]}]},{"@type":"BreadcrumbList","@id":"https:\/\/b-s-germany.de\/es\/80-anos\/#breadcrumb","itemListElement":[{"@type":"ListItem","position":1,"name":"Startseite","item":"https:\/\/b-s-germany.de\/es\/"},{"@type":"ListItem","position":2,"name":"80 a\u00f1os"}]},{"@type":"WebSite","@id":"https:\/\/b-s-germany.de\/es\/#website","url":"https:\/\/b-s-germany.de\/es\/","name":"b+s germany - the next level of coil processing | Burghardt + Schmidt","description":"the next level of coil processing | Burghardt + Schmidt","publisher":{"@id":"https:\/\/b-s-germany.de\/es\/#organization"},"potentialAction":[{"@type":"SearchAction","target":{"@type":"EntryPoint","urlTemplate":"https:\/\/b-s-germany.de\/es\/?s={search_term_string}"},"query-input":{"@type":"PropertyValueSpecification","valueRequired":true,"valueName":"search_term_string"}}],"inLanguage":"es"},{"@type":"Organization","@id":"https:\/\/b-s-germany.de\/es\/#organization","name":"b+s germany - the next level of coil processing | Burghardt + Schmidt","url":"https:\/\/b-s-germany.de\/es\/","logo":{"@type":"ImageObject","inLanguage":"es","@id":"https:\/\/b-s-germany.de\/es\/#\/schema\/logo\/image\/","url":"https:\/\/b-s-germany.de\/wp-content\/uploads\/2024\/04\/b-s-group_content_logo-burghardt-schmidt.png","contentUrl":"https:\/\/b-s-germany.de\/wp-content\/uploads\/2024\/04\/b-s-group_content_logo-burghardt-schmidt.png","width":800,"height":162,"caption":"b+s germany - the next level of coil processing | Burghardt + Schmidt"},"image":{"@id":"https:\/\/b-s-germany.de\/es\/#\/schema\/logo\/image\/"}}]}},"_links":{"self":[{"href":"https:\/\/b-s-germany.de\/es\/wp-json\/wp\/v2\/pages\/7827","targetHints":{"allow":["GET"]}}],"collection":[{"href":"https:\/\/b-s-germany.de\/es\/wp-json\/wp\/v2\/pages"}],"about":[{"href":"https:\/\/b-s-germany.de\/es\/wp-json\/wp\/v2\/types\/page"}],"author":[{"embeddable":true,"href":"https:\/\/b-s-germany.de\/es\/wp-json\/wp\/v2\/users\/4"}],"replies":[{"embeddable":true,"href":"https:\/\/b-s-germany.de\/es\/wp-json\/wp\/v2\/comments?post=7827"}],"version-history":[{"count":2,"href":"https:\/\/b-s-germany.de\/es\/wp-json\/wp\/v2\/pages\/7827\/revisions"}],"predecessor-version":[{"id":7829,"href":"https:\/\/b-s-germany.de\/es\/wp-json\/wp\/v2\/pages\/7827\/revisions\/7829"}],"wp:attachment":[{"href":"https:\/\/b-s-germany.de\/es\/wp-json\/wp\/v2\/media?parent=7827"}],"wp:term":[{"taxonomy":"dipi_cpt_category","embeddable":true,"href":"https:\/\/b-s-germany.de\/es\/wp-json\/wp\/v2\/dipi_cpt_category?post=7827"}],"curies":[{"name":"wp","href":"https:\/\/api.w.org\/{rel}","templated":true}]}}